{"id":5519,"date":"2016-09-20T23:13:11","date_gmt":"2016-09-20T21:13:11","guid":{"rendered":"https:\/\/www.galtung-institut.de\/?page_id=5519"},"modified":"2018-09-26T12:29:49","modified_gmt":"2018-09-26T10:29:49","slug":"f-a-q","status":"publish","type":"page","link":"https:\/\/www.galtung-institut.de\/en\/training\/onsite\/young-academics-yadip\/f-a-q\/","title":{"rendered":"F.A.Q"},"content":{"rendered":"<p><\/p>\n<div id=\"submenu\"><a href=\"https:\/\/www.galtung-institut.de\/training\/young-academics-yadip\/\">YADIP<\/a><a href=\"https:\/\/www.galtung-institut.de\/training\/apply\/\">Anmelden<\/a><a href=\"https:\/\/www.galtung-institut.de\/training\/young-academics-yadip\/f-a-q\/\">F.A.Q.<\/a><\/div>\n<h2><span id=\"result_box\" lang=\"en\"><span title=\"1. Wer nimmt daran teil? \u00a0\u00a0\u00a0\u00a0\">1. Who can participate?<\/span><\/span><\/h2>\n<ul>\n<li><span id=\"result_box\" lang=\"en\"><span title=\"1. Wer nimmt daran teil? \u00a0\u00a0\u00a0\u00a0\">\u00a0\u00a0\u00a0 <\/span><span title=\"YADIP ist f\u00fcr eingeschriebene Studierende (B.A., M.A. &amp; PHD) aller Fachbereiche zug\u00e4nglich \">YADIP is for enrolled students (B.A., M.A. &amp; PHD) for all enrolled students regardless of their faculty &amp; academic orientation.<br \/>\n<\/span><\/span><\/li>\n<\/ul>\n<h2><span id=\"result_box\" lang=\"en\"><span title=\"YADIP ist f\u00fcr eingeschriebene Studierende (B.A., M.A. &amp; PHD) aller Fachbereiche zug\u00e4nglich \"><br \/>\n<\/span><span title=\"2. Welche Lehrformate werden angeboten? \u00a0\u00a0\u00a0\u00a0\">2. What teaching formats are offered?<br \/>\n<\/span><\/span><\/h2>\n<ul>\n<li><span id=\"result_box\" lang=\"en\"><span title=\"YADIP ist eine Kombination aus Pr\u00e4senz- (On-site) und Fernkursen (Online) \u00a0\u00a0\u00a0\u00a0\">YADIP is a combination of classroom (on-site) and e-learning (online)<\/span><\/span><\/li>\n<li><span id=\"result_box\" lang=\"en\"><span title=\"Regul\u00e4res Training: Durchgehendes Training durch G-I-Staff \u00a0\u00a0\u00a0\u00a0\">Regular training: Continuous training by G-I Staff.<\/span><\/span><\/li>\n<li><span id=\"result_box\" lang=\"en\"><span title=\"Sommerakademie: Training durch internationale Expert*innen und G-I-Staff \u00a0\u00a0\u00a0\u00a0\">Summer Academy: Training by international experts * on site at the G-I.<br \/>\n<\/span><\/span><\/li>\n<li><span id=\"result_box\" lang=\"en\"><span title=\"Herbstakademie: Training durch internationale Expert*innen und G-I-Staff \">Training by international experts * on site at the G-I.<br \/>\n<\/span><\/span><\/li>\n<\/ul>\n<h2><span id=\"result_box\" lang=\"en\"><span title=\"Herbstakademie: Training durch internationale Expert*innen und G-I-Staff \"><br \/>\n<\/span><span title=\"3. Konkrete Skills &amp; Kompetenzen: Was wird beigebracht &amp; was kann ich danach? \u00a0\u00a0\u00a0\u00a0\">3. Specific Skills &amp; Competencies: What is taught and what skills will I acquire?<br \/>\n<\/span><\/span><\/h2>\n<ul>\n<li><span id=\"result_box\" lang=\"en\"><span title=\"Theoretische Grundverst\u00e4ndnisse von Macht, Konflikt, Sicherheit, Gewalt &amp; Frieden \u00a0\u00a0\u00a0\u00a0\">Theoretical &amp; practice indicative understanding of power, conflict, security, violence &amp; peace.<\/span><\/span><\/li>\n<li><span id=\"result_box\" lang=\"en\"><span title=\"Transdisziplin\u00e4re &amp; ebenen-neutrale Konfliktanalyse \u00a0\u00a0\u00a0\u00a0\">Transdisciplinary Conflict Analysis.<\/span><\/span><\/li>\n<li><span id=\"result_box\" lang=\"en\"><span title=\"Techniken &amp; Verfahren der Konflikttransformation \u00a0\u00a0\u00a0\u00a0\">Techniques &amp; methods of conflict transformation.<\/span><\/span><\/li>\n<li><span id=\"result_box\" lang=\"en\"><span title=\"Techniken &amp; Verfahren der ebenen-neutralen Konfliktbearbeitung \u00a0\u00a0\u00a0\u00a0\">Techniques &amp; methods of conflict resolution.<\/span><\/span><\/li>\n<li><span id=\"result_box\" lang=\"en\"><span title=\"Techniken &amp; Verfahren der internationalen Mediation \u00a0\u00a0\u00a0\u00a0\">Techniques &amp; methods of international mediation.<\/span><\/span><\/li>\n<li><span id=\"result_box\" lang=\"en\"><span title=\"Kulturelle Heterogenit\u00e4t systematisch reflektieren \u00a0\u00a0\u00a0\u00a0\">Systematic approaches to cultural heterogeneity. <\/span><\/span><\/li>\n<li><span id=\"result_box\" lang=\"en\"><span title=\"Executive Desk Studies verfassen und friedensjournalistisches Schreiben \u00a0\u00a0\u00a0\u00a0\">Producing Executive Desk Studies and Applied Peace Journalism<br \/>\n<\/span><\/span><\/li>\n<li><span id=\"result_box\" lang=\"en\"><span title=\"L\u00f6sungsorientierte Konfliktanalysen f\u00fcr \u00a0\u00a0\u00a0\u00a0\u00a0\u00a0\u00a0\u00a0\">Solution-indicative conflict analysis for<br \/>\n&#8211;<\/span><span title=\"Mikro-Konflikte \u00a0\u00a0\u00a0\u00a0\u00a0\u00a0\u00a0\u00a0\">Micro-conflicts<br \/>\n&#8211;<\/span><span title=\"Meso-Konflikte \u00a0\u00a0\u00a0\u00a0\u00a0\u00a0\u00a0\u00a0\">Meso-conflicts<br \/>\n&#8211;<\/span><span title=\"Makro-Konflikte \u00a0\u00a0\u00a0\u00a0\u00a0\u00a0\u00a0\u00a0\">Macro-conflicts<br \/>\n&#8211;<\/span><span title=\"Mega-Konflikte \">Mega-conflict<br \/>\n<\/span><\/span><\/li>\n<\/ul>\n<h2><span id=\"result_box\" lang=\"en\"><span title=\"Mega-Konflikte \"><br \/>\n<\/span><span title=\"4. Welche Qualifikationen erh\u00e4lt man bei YADIP? \u00a0\u00a0\u00a0\u00a0\">4. What qualifications are obtained in YADIP?<br \/>\n<\/span><\/span><\/h2>\n<ul>\n<li><span id=\"result_box\" lang=\"en\"><span title=\"YADIP-Teilnehmer*innen erwerben entweder (a) einen SICA-Abschluss (Solution Indicative Conflict Analyst) oder (b) einen CTS-Abschluss (Conflict Transformation Specialist) am Galtung-Institut f\u00fcr Friedenstheorie und Friedenspraxis.\">YADIP participants acquire either (a) a SICA degree (Solution Indicative Conflict Analyst) or (b) a CTS-degree (Conflict Transformation Specialist) at the Galtung-Institut for Peace Theory and Peace Practice. <\/span><span title=\"F\u00fcr internationale Berufe sind diese Zertifikate des G-I ausgezeichnete Zusatzqualifikationen, die den jeweils angestrebten Studienabschluss erg\u00e4nzen. \u00a0\u00a0\u00a0\u00a0\">For international professions, this G-I certificate is an excellent additional qualification that complements respective degrees student are currently acquiring.<\/span><\/span><\/li>\n<li><span id=\"result_box\" lang=\"en\"><span title=\"Als eingeschriebene Studierende k\u00f6nnen YADIP Teilnehmer*innen auf Wunsch f\u00fcr ihre Teilnahme Praktikumsbescheinigungen bekommen. \">YADIP participants &#8211; upon notification &#8211; can obtain internship certificates.<br \/>\n<\/span><\/span><\/li>\n<\/ul>\n<h2><span id=\"result_box\" lang=\"en\"><span title=\"Als eingeschriebene Studierende k\u00f6nnen YADIP Teilnehmer*innen auf Wunsch f\u00fcr ihre Teilnahme Praktikumsbescheinigungen bekommen. \"><br \/>\n<\/span><span title=\"5. F\u00fcr welche Berufe sind diese Qualifikationen wichtig? \u00a0\u00a0\u00a0\u00a0\">5. For which occupations are these skills important?<br \/>\n<\/span><\/span><\/h2>\n<ul>\n<li><span id=\"result_box\" lang=\"en\"><span title=\"\u00c4mter f\u00fcr ausw\u00e4rtige Angelegenheiten und Diplomatie \u00a0\u00a0\u00a0\u00a0\">Offices of Foreign Affairs and Diplomacy<\/span><\/span><\/li>\n<li><span id=\"result_box\" lang=\"en\"><span title=\"Staatliche, zwischenstaatliche und supranationale Organisationen \u00a0\u00a0\u00a0\u00a0\">State, intergovernmental and supranational organizations<\/span><\/span><\/li>\n<li><span id=\"result_box\" lang=\"en\"><span title=\"Schulen, \u00d6ffentliche Verwaltung und Parlamente \u00a0\u00a0\u00a0\u00a0\">Schools, public administration and parliaments<\/span><\/span><\/li>\n<li><span id=\"result_box\" lang=\"en\"><span title=\"NGOs und Entwicklungszusammenarbeit \u00a0\u00a0\u00a0\u00a0\">NGOs and development cooperation agencies<br \/>\n<\/span><\/span><\/li>\n<li><span id=\"result_box\" lang=\"en\"><span title=\"Internationale Politikberatung \u00a0\u00a0\u00a0\u00a0\">International Policy Advice<br \/>\n<\/span><\/span><\/li>\n<li><span id=\"result_box\" lang=\"en\"><span title=\"Internationaler Journalismus und Au\u00dfenkorrespondenz \u00a0\u00a0\u00a0\u00a0\">International Journalism and foreign correspondence<\/span><\/span><\/li>\n<li><span id=\"result_box\" lang=\"en\"><span title=\"Unternehmungsberatung, Personalberatung und Diversity Management \">Business consultancy, Recruiting, Human Ressources and Diversity Management<br \/>\n<\/span><\/span><\/li>\n<\/ul>\n<h2><span id=\"result_box\" lang=\"en\"><span title=\"Unternehmungsberatung, Personalberatung und Diversity Management \"><br \/>\n<\/span><span title=\"6. Wo findet YADIP statt? \u00a0\u00a0\u00a0\u00a0\">6. Where does the onsite dimension of YADIP take place?<br \/>\n<\/span><\/span><\/h2>\n<ul>\n<li><span id=\"result_box\" lang=\"en\"><span title=\"YADIP-Kurse sind f\u00fcr Studierende aus aller Welt konzipiert.\">YADIP courses are designed for students from all over the world. <\/span><span title=\"Entsprechend kann YADIP als ma\u00dfgeschneiderte Kombination aus Online-Fernkursen und On-site-Kursen mit Pr\u00e4senzpflicht umgesetzt werden.\">Accordingly, YADIP is a customized combination of online distance learning courses and on-site courses. The onsite courses require compulsory attendance.<\/span><\/span><\/li>\n<li><span id=\"result_box\" lang=\"en\"><span title=\"Regul\u00e4re On-site-Kurse finden in den R\u00e4umlichkeiten des Galtung-Institutes f\u00fcr Friedenstheorie und Friedenspraxis in Grenzach-Wyhlen\/D bei Basel\/CH statt.\">Regular on-site courses are held on the premises of the Galtung-Institut for Peace Theory and Peace Practice in Grenzach-Wyhlen\/D &amp; in Basel\/CH. Extra <\/span><span title=\"Irregul\u00e4re Kurse k\u00f6nnen ggf. in der ganzen Schweiz bzw. im gesamten Bundesgebiet konzipiert und umgesetzt werden. \">courses can be conceived and implemented at foreign universities or in partnership with other institutions upon invitation.<br \/>\n<\/span><\/span><\/li>\n<\/ul>\n<h2><span id=\"result_box\" lang=\"en\"><span title=\"Irregul\u00e4re Kurse k\u00f6nnen ggf. in der ganzen Schweiz bzw. im gesamten Bundesgebiet konzipiert und umgesetzt werden. \"><br \/>\n<\/span><span title=\"7. Was kostet YADIP? \u00a0\u00a0\u00a0\u00a0\">7. What is the cost of YADIP?<br \/>\n<\/span><\/span><\/h2>\n<ul>\n<li>The YADIP-Traineeship costs students a basic fee of \u20ac780 (Instead of the regular trining fee: \u20ac2800). Accomodation during the on-site courses costs an additional \u20ac250.<\/li>\n<li><span id=\"result_box\" lang=\"en\"><span title=\"Idealerweise ist die YADIP-Ausbildung f\u00fcr teilnehmende Studierende kostenfrei, denn zur Senkung und ggf. Deckung der anfallenden Kosten bilden YADIP Teilnehmer*innen professionell begleitete Fundraising-Gruppen. \">Analogous to the NMUN tradition, YADIP trainees may be encouraged to form fundraising groups, to fund their training. The G-I assists local YADIP groups (Uni Basel).<br \/>\n<\/span><\/span><\/li>\n<\/ul>\n<h2><span id=\"result_box\" lang=\"en\"><span title=\"Idealerweise ist die YADIP-Ausbildung f\u00fcr teilnehmende Studierende kostenfrei, denn zur Senkung und ggf. Deckung der anfallenden Kosten bilden YADIP Teilnehmer*innen professionell begleitete Fundraising-Gruppen. \"><br \/>\n<\/span><span title=\"8. Dauer und Arbeitsaufwand der YADIP-Ausbildung? \u00a0\u00a0\u00a0\u00a0\">8. Duration and workload YADIP training?<br \/>\n<\/span><\/span><\/h2>\n<ul>\n<li><span id=\"result_box\" lang=\"en\"><span title=\"YADIP ist als berufsqualifizierende und studienbegleitende Ausbildung konzipiert.\">YADIP is designed as a professional qualification &amp; training. <\/span><span title=\"Um die Qualit\u00e4t der Ausbildung zu sichern, dauert ein YADIP-Semester 6 Monate (ca. 10 Std. pro Woche).\">To increase the quality of the training, YADIP students may be encouraged to stay on for 6 months (about 10 hrs. Per week). <\/span><span title=\"Das YADIP-Semester beruht auf vier Arbeitsbereichen, die mit unterschiedlichen Ergebnissen\/Outputs verkn\u00fcpft sind.\">Such a YADIP-term will allow enrolled students to focus on and experience ongoing G-I work &amp; research. P<\/span><span title=\"Teilnehmer*innen verfassen individuelle bzw. gemeinsame Analysen (ggf. mit Hausarbeiten im laufenden Studium kombinierbar) und setzen Team-Missions um. \u00a0\u00a0\u00a0\u00a0\u00a0\u00a0\u00a0\u00a0\">articipants submit individual or joint analysis (which can be combined with their current university tasks) and complete Team Missions. What to expect:<br \/>\n<\/span><span title=\"i) Selbststudium \u00a0\u00a0\u00a0\u00a0\u00a0\u00a0\u00a0\u00a0\">i) Self-study<br \/>\n<\/span><span title=\"ii) Online-Sessions: Intranet-basierte Zusammenarbeit \u00a0\u00a0\u00a0\u00a0\u00a0\u00a0\u00a0\u00a0\">ii) Online Sessions: Intranet-based collaboration<br \/>\n<\/span><span title=\"iii) On-site-Seminareinheiten: 3, ggf. 5 Wochenend-sessions \u00a0\u00a0\u00a0\u00a0\u00a0\u00a0\u00a0\u00a0\">iii) on-site seminar units: 3, if necessary, 5 weekend sessions<br \/>\n<\/span><span title=\"iv) Team-Missions: Research &amp; Fundraising \">iv) Team Missions: Research &amp; Fundraising<br \/>\n<\/span><\/span><\/li>\n<\/ul>\n<h2><span id=\"result_box\" lang=\"en\"><span title=\"iv) Team-Missions: Research &amp; Fundraising \"><br \/>\n<\/span><span title=\"9. Nach der YADIP-Ausbildung: YADIP-Attach\u00e9 werden? \u00a0\u00a0\u00a0\u00a0\">9. After YADIP training: become a YADIP attach\u00e9?<br \/>\n<\/span><\/span><\/h2>\n<ul>\n<li><span id=\"result_box\" lang=\"en\"><span title=\"YADIP Teilnehmer*innen k\u00f6nnen Attach\u00e9s des G-I werden und als solche von Kontakten zum internationalen Netzwerk von \u00fcber 500 professionellen Konfliktspezialist*innen in 80 Staaten profitieren.\">YADIP participants can move on to become attach\u00e9s of the G-I and will as such benefit from contacts to the international network of over 500 professional conflict specialists located in over 80 states. <\/span><span title=\"Sie k\u00f6nnen nach YADIP Praktika im au\u00dfereurop\u00e4ischen Raum anstreben: Washington D.C.\">YADIP is intended to lead to internships outside of Europe i.e: Washington D.C. <\/span><span title=\"(USA), Pueblo (Mexiko), Yaound\u00e9 (Kamerun), Accra (Ghana), Phnom-Penh (Kambodscha), Kyoto (Japan) uvm. \u00a0\u00a0\u00a0\u00a0\">(USA), Pueblo (Mexico), Yaound\u00e9 (Cameroon), Accra (Ghana), Phnom Penh (Cambodia), Kyoto (Japan) and many more.<\/span><\/span><\/li>\n<li><span id=\"result_box\" lang=\"en\"><span title=\"Alumni-Mitglied: YADIP-Attach\u00e9s werden nach 2 Jahren als Alumni des Galtung-Instituts gef\u00fchrt. \">Alumni Membership: YADIP Attach\u00e9s become Galtung-Institut alumni after 2 years.<br \/>\n<\/span><\/span><\/li>\n<\/ul>\n<h2><span id=\"result_box\" lang=\"en\"><span title=\"Alumni-Mitglied: YADIP-Attach\u00e9s werden nach 2 Jahren als Alumni des Galtung-Instituts gef\u00fchrt. \"><br \/>\n<\/span><span title=\"10. Wie kann ich mich anmelden? \u00a0\u00a0\u00a0\u00a0\">10. How can I register\/apply?<br \/>\n<\/span><\/span><\/h2>\n<ul>\n<li><span id=\"result_box\" lang=\"en\"><span title=\"Zur Anmeldung besuchen Sie: YADIP\">To Register &amp; for further inquiries; send us an email: info@galtung-institut.de<br \/>\n<\/span><\/span><\/li>\n<\/ul>\n<p><\/p>","protected":false},"excerpt":{"rendered":"<p>YADIPAnmeldenF.A.Q. 1. Who can participate? \u00a0\u00a0\u00a0 YADIP is for enrolled students (B.A., M.A. &amp; PHD) for all enrolled students regardless of their faculty &amp; academic orientation. 2. What teaching formats are offered? YADIP is a combination of classroom (on-site) and e-learning (online) Regular training: Continuous training by G-I Staff. Summer Academy: Training by international experts [&hellip;]<\/p>\n","protected":false},"author":1421,"featured_media":5349,"parent":4895,"menu_order":0,"comment_status":"closed","ping_status":"closed","template":"","meta":{"_bbp_topic_count":0,"_bbp_reply_count":0,"_bbp_total_topic_count":0,"_bbp_total_reply_count":0,"_bbp_voice_count":0,"_bbp_anonymous_reply_count":0,"_bbp_topic_count_hidden":0,"_bbp_reply_count_hidden":0,"_bbp_forum_subforum_count":0,"footnotes":""},"coauthors":[800],"class_list":["post-5519","page","type-page","status-publish","has-post-thumbnail","hentry"],"_links":{"self":[{"href":"https:\/\/www.galtung-institut.de\/en\/wp-json\/wp\/v2\/pages\/5519","targetHints":{"allow":["GET"]}}],"collection":[{"href":"https:\/\/www.galtung-institut.de\/en\/wp-json\/wp\/v2\/pages"}],"about":[{"href":"https:\/\/www.galtung-institut.de\/en\/wp-json\/wp\/v2\/types\/page"}],"author":[{"embeddable":true,"href":"https:\/\/www.galtung-institut.de\/en\/wp-json\/wp\/v2\/users\/1421"}],"replies":[{"embeddable":true,"href":"https:\/\/www.galtung-institut.de\/en\/wp-json\/wp\/v2\/comments?post=5519"}],"version-history":[{"count":12,"href":"https:\/\/www.galtung-institut.de\/en\/wp-json\/wp\/v2\/pages\/5519\/revisions"}],"predecessor-version":[{"id":7666,"href":"https:\/\/www.galtung-institut.de\/en\/wp-json\/wp\/v2\/pages\/5519\/revisions\/7666"}],"up":[{"embeddable":true,"href":"https:\/\/www.galtung-institut.de\/en\/wp-json\/wp\/v2\/pages\/4895"}],"wp:featuredmedia":[{"embeddable":true,"href":"https:\/\/www.galtung-institut.de\/en\/wp-json\/wp\/v2\/media\/5349"}],"wp:attachment":[{"href":"https:\/\/www.galtung-institut.de\/en\/wp-json\/wp\/v2\/media?parent=5519"}],"wp:term":[{"taxonomy":"author","embeddable":true,"href":"https:\/\/www.galtung-institut.de\/en\/wp-json\/wp\/v2\/coauthors?post=5519"}],"curies":[{"name":"wp","href":"https:\/\/api.w.org\/{rel}","templated":true}]}}