{"id":763,"date":"2012-01-13T02:42:43","date_gmt":"2012-01-13T01:42:43","guid":{"rendered":"http:\/\/www.galtung-institut.de\/?page_id=763"},"modified":"2019-07-15T21:57:15","modified_gmt":"2019-07-15T19:57:15","slug":"work-with-us","status":"publish","type":"page","link":"https:\/\/www.galtung-institut.de\/de\/contact\/work-with-us\/","title":{"rendered":"Praktikum am Galtung &#8211; Institut"},"content":{"rendered":"<p>Dieses Inserat richtet sich an Studierende (BA od. MA), die sich f\u00fcr die theoretischen Grundlagen und praktischen Auswirkungen internationaler Beziehungen interessieren und in Zukunft in den Bereichen der Friedens- und Entwicklungspolitik oder V\u00f6lkerverst\u00e4ndigung t\u00e4tig sein m\u00f6chten.<\/p>\n<p>Das Galtung-Institut f\u00fcr Friedenstheorie und Friedenspraxis sucht Praktikant*innen, die bereits w\u00e4hrend ihres Studiums Interesse daran haben, berufliche Erfahrungen in der Friedens- und Konfliktforschung zu sammeln. Die Dauer des Praktikums betr\u00e4gt min. 3 Monate und kann w\u00e4hrend des Semesters absolviert werden. Praktikant*innen werden gleichsam in organisatorische, administrative und inhaltliche Dimensionen der Arbeit des Instituts involviert und aktiv betreut.<\/p>\n<p>Aufgaben im inhaltlichen Bereich:<\/p>\n<ul>\n<li>Auseinandersetzung mit themenspezifischen Inhalten nach friedenswissenschaftlichen Ma\u00dfgaben (spezielle Vorkenntnisse sind nicht erforderlich, jedoch hilfreich)<\/li>\n<li>Auseinandersetzung mit Theorien und Instrumenten der Friedens- und Konfliktforschung (keine speziellen Vorkenntnisse erforderlich)<\/li>\n<li>Erstellung von regionalspezifischen Konfliktanalysen (spezielle Vorkenntnisse sind nicht erforderlich, jedoch hilfreich)<\/li>\n<\/ul>\n<p>Aufgaben im Orga- &amp; Admin-Bereich:<\/p>\n<ul>\n<li>Aktive Beteiligung an der Konzeption und Umsetzung von Weiterbildungsma\u00dfnahmen &amp; Kursen am Institut<\/li>\n<li>Aktive Beteiligung an Marketing- und Fundraisingaktionen<\/li>\n<li>Unterst\u00fctzung bei allgemeinen Verwaltungsarbeiten<\/li>\n<\/ul>\n<p>Unsere Erwartungen:<\/p>\n<ul>\n<li>Seri\u00f6ses Interesse an internationalen Beziehungen<\/li>\n<li>Weltoffenheit &amp; Fremdsprachen<\/li>\n<li>Kommunikationsfreudigkeit und gute Ausdrucksweise auf Deutsch und Englisch (Wort &amp; Schrift)<\/li>\n<li>Selbst\u00e4ndiges &amp; effizientes Arbeiten<\/li>\n<li>Eigeninitiative &amp; Motivation<\/li>\n<li>PC-Kenntnisse<\/li>\n<li>Kompetenz im Social Media Bereich<\/li>\n<li>Kreativit\u00e4t und Bildbearbeitung (Memes, Audio, Video, Foto)<\/li>\n<\/ul>\n<p>&nbsp;<\/p>\n<p>Bitte senden Sie Ihre Unterlagen an <a href=\"mailto:info@galtung-institut.de\">info@galtung-institut.de<\/a>.<\/p>","protected":false},"excerpt":{"rendered":"<p>Dieses Inserat richtet sich an Studierende (BA od. MA), die sich f\u00fcr die theoretischen Grundlagen und praktischen Auswirkungen internationaler Beziehungen interessieren und in Zukunft in den Bereichen der Friedens- und Entwicklungspolitik oder V\u00f6lkerverst\u00e4ndigung t\u00e4tig sein m\u00f6chten. Das Galtung-Institut f\u00fcr Friedenstheorie und Friedenspraxis sucht Praktikant*innen, die bereits w\u00e4hrend ihres Studiums Interesse daran haben, berufliche Erfahrungen in [&hellip;]<\/p>\n","protected":false},"author":1,"featured_media":0,"parent":10,"menu_order":0,"comment_status":"open","ping_status":"open","template":"","meta":{"_bbp_topic_count":0,"_bbp_reply_count":0,"_bbp_total_topic_count":0,"_bbp_total_reply_count":0,"_bbp_voice_count":0,"_bbp_anonymous_reply_count":0,"_bbp_topic_count_hidden":0,"_bbp_reply_count_hidden":0,"_bbp_forum_subforum_count":0,"footnotes":""},"coauthors":[802],"class_list":["post-763","page","type-page","status-publish","hentry"],"_links":{"self":[{"href":"https:\/\/www.galtung-institut.de\/de\/wp-json\/wp\/v2\/pages\/763","targetHints":{"allow":["GET"]}}],"collection":[{"href":"https:\/\/www.galtung-institut.de\/de\/wp-json\/wp\/v2\/pages"}],"about":[{"href":"https:\/\/www.galtung-institut.de\/de\/wp-json\/wp\/v2\/types\/page"}],"author":[{"embeddable":true,"href":"https:\/\/www.galtung-institut.de\/de\/wp-json\/wp\/v2\/users\/1"}],"replies":[{"embeddable":true,"href":"https:\/\/www.galtung-institut.de\/de\/wp-json\/wp\/v2\/comments?post=763"}],"version-history":[{"count":15,"href":"https:\/\/www.galtung-institut.de\/de\/wp-json\/wp\/v2\/pages\/763\/revisions"}],"predecessor-version":[{"id":7757,"href":"https:\/\/www.galtung-institut.de\/de\/wp-json\/wp\/v2\/pages\/763\/revisions\/7757"}],"up":[{"embeddable":true,"href":"https:\/\/www.galtung-institut.de\/de\/wp-json\/wp\/v2\/pages\/10"}],"wp:attachment":[{"href":"https:\/\/www.galtung-institut.de\/de\/wp-json\/wp\/v2\/media?parent=763"}],"wp:term":[{"taxonomy":"author","embeddable":true,"href":"https:\/\/www.galtung-institut.de\/de\/wp-json\/wp\/v2\/coauthors?post=763"}],"curies":[{"name":"wp","href":"https:\/\/api.w.org\/{rel}","templated":true}]}}