{"id":74,"date":"2011-08-31T02:33:08","date_gmt":"2011-08-31T00:33:08","guid":{"rendered":"http:\/\/johangaltung.de\/wp\/?page_id=74"},"modified":"2017-08-21T20:55:03","modified_gmt":"2017-08-21T18:55:03","slug":"g-i-office","status":"publish","type":"page","link":"https:\/\/www.galtung-institut.de\/de\/home\/g-i-office\/","title":{"rendered":"G-I B\u00fcro"},"content":{"rendered":"<p><\/p>\n<div id=\"submenu\"><a href=\"https:\/\/www.galtung-institut.de\/de\/2011\/welcome\/\">Willkommen<\/a><a href=\"https:\/\/www.galtung-institut.de\/de\/home\/g-i-office\/\">B\u00fcro<\/a><a href=\"https:\/\/www.galtung-institut.de\/de\/home\/research-assistants\/\">Assistenten<\/a><a class=\"boxed\" title=\"Satzung\" href=\"\/wp-content\/uploads\/2014\/08\/Satzung_des_Galtung-Instituts.pdf\" target=\"_blank\" rel=\"noopener\">Satzung<\/a><\/div>\n<table cellspacing=\"10\">\n<tbody>\n<tr>\n<td><img loading=\"lazy\" decoding=\"async\" class=\"wp-image-2717 alignnone\" src=\"http:\/\/www.galtung-institut.de\/wp-content\/uploads\/2011\/08\/naakow-240x300.jpeg\" alt=\"naakow\" width=\"150\" height=\"188\" srcset=\"https:\/\/www.galtung-institut.de\/wp-content\/uploads\/2011\/08\/naakow-240x300.jpeg 240w, https:\/\/www.galtung-institut.de\/wp-content\/uploads\/2011\/08\/naakow-160x200.jpeg 160w, https:\/\/www.galtung-institut.de\/wp-content\/uploads\/2011\/08\/naakow.jpeg 400w\" sizes=\"auto, (max-width: 150px) 100vw, 150px\" \/><\/td>\n<td>\n<h3><span style=\"font-style: italic; font-size: large;\">N<\/span>aakow Grant-Hayford<\/h3>\n<ul>\n<li>Political Science, Peace &amp; Conflict Studies and International Law at the Philipps-University of Marburg<\/li>\n<li style=\"color: #ff6600;\">African Studies at the University of Basel<\/li>\n<li><strong><span style=\"color: #ff6600;\">Focus:<\/span><\/strong>\n<ul>\n<li>Epistemology of Peace Studies &amp; Theories of Conflict<\/li>\n<li>Conflict Transformation &amp; Peace Practice in International Relations<\/li>\n<li>Peacebuilding, Mediation, Conciliation and Conflict Resolution<\/li>\n<li>Subsaharan Africa: Permaculture, Self-Reliance &amp; Reflexive Development Strategies<\/li>\n<\/ul>\n<\/li>\n<li><strong><span style=\"color: #ff6600;\">Email:<\/span><\/strong> <a href=\"mailto:info@galtung-institut.de\">info@galtung-institut.de<\/a><\/li>\n<\/ul>\n<\/td>\n<\/tr>\n<tr>\n<td><img loading=\"lazy\" decoding=\"async\" class=\"alignnone wp-image-4995\" src=\"https:\/\/www.galtung-institut.de\/wp-content\/uploads\/2011\/08\/AnnaSchelling.jpg\" alt=\"AnnaSchelling\" width=\"150\" height=\"188\" \/><\/td>\n<td>\n<h3><span style=\"font-style: italic; font-size: large;\">A<\/span>nna Schelling<\/h3>\n<ul>\n<li>International Relations, University of Geneva and St. Gallen<\/li>\n<li>African Studies, University of Basel Spanish language and literature, Social Sciences, University of Basel<\/li>\n<li><span style=\"color: #ff6600;\"><strong>Focus:<\/strong><\/span>\n<ul>\n<li>African Futures: Africa&#8217;s Political, Cultural &amp; Economic Potentials<\/li>\n<li>Swiss foreign policy<\/li>\n<li>Peacebuilding &amp; Peace Politics<\/li>\n<li>Development Cooperation, Development Economics and Policies<\/li>\n<\/ul>\n<\/li>\n<li><span style=\"color: #ff6600;\"><strong>Email<\/strong><b>: <\/b><a href=\"mailto:schelling@galtung-institut.de\">schelling@galtung-institut.de<\/a><\/span><\/li>\n<\/ul>\n<\/td>\n<\/tr>\n<tr>\n<td><img loading=\"lazy\" decoding=\"async\" class=\"alignnone wp-image-4527\" src=\"https:\/\/www.galtung-institut.de\/wp-content\/uploads\/2011\/08\/Fereschta-Sahrai-240x300.jpg\" alt=\"Fereschta-Sahrai\" width=\"150\" height=\"188\" srcset=\"https:\/\/www.galtung-institut.de\/wp-content\/uploads\/2011\/08\/Fereschta-Sahrai-240x300.jpg 240w, https:\/\/www.galtung-institut.de\/wp-content\/uploads\/2011\/08\/Fereschta-Sahrai.jpg 397w\" sizes=\"auto, (max-width: 150px) 100vw, 150px\" \/><\/td>\n<td>\n<h3><span style=\"font-style: italic; font-size: large;\">F<\/span><strong>ereschta Sahrai<\/strong><\/h3>\n<ul>\n<li>French Philology, Philosophy and Social Anthropology at the Westf\u00e4lische-Wilhelms-Universit\u00e4t of M\u00fcnster<\/li>\n<li>Peace and Security Policy at the Institute for Peace Research and Security Policy, University of Hamburg<\/li>\n<li><span style=\"color: #ff6600;\"><strong>Focus<\/strong><b>:<\/b><\/span>\n<ul>\n<li>Political Philosophy and Political Education<\/li>\n<li>Theories of Conflict and Conflict Transformation<\/li>\n<li>Inclusion and Life Skills-Based Education<\/li>\n<li>Afghanistan: Conflict Transformation, Mediation and Peace Building<\/li>\n<\/ul>\n<\/li>\n<li><span style=\"color: #ff6600;\"><strong>Email<\/strong><b>: <\/b><a href=\"mailto:sahrai@galtung-institut.de\">sahrai@galtung-institut.de<\/a><\/span><\/li>\n<\/ul>\n<\/td>\n<\/tr>\n<tr>\n<td><img loading=\"lazy\" decoding=\"async\" class=\"alignnone wp-image-4945\" src=\"https:\/\/www.galtung-institut.de\/wp-content\/uploads\/2011\/08\/keil-eggers.jpg\" alt=\"keil-eggers\" width=\"150\" height=\"188\" \/><\/td>\n<td>\n<h3><span style=\"font-style: italic; font-size: large;\">K<\/span>eil Eggers<\/h3>\n<ul>\n<li>Conflict Analysis and Resolution at George Mason University<\/li>\n<li>U.S. Representative of the Galtung-Institut<\/li>\n<li><span style=\"color: #ff6600;\"><strong>Focus:<\/strong><\/span>\n<ul>\n<li>Epistemology of Peace Studies &amp; Theories of Conflict<\/li>\n<li>Conflict Transformation &amp; Peace Practice in International Relation<\/li>\n<li>Nonviolence<\/li>\n<\/ul>\n<\/li>\n<li><span style=\"color: #ff6600;\"><strong>Email<\/strong><b>: <a href=\"mailto:eggers@galtung-institut.de\">eggers@galtung-institut.de<\/a><\/b><\/span><\/li>\n<\/ul>\n<\/td>\n<\/tr>\n<tr>\n<td><img loading=\"lazy\" decoding=\"async\" class=\"alignnone size-full wp-image-4989\" src=\"https:\/\/www.galtung-institut.de\/wp-content\/uploads\/2011\/08\/MartinJank.jpg\" alt=\"MartinJank\" width=\"150\" height=\"188\" \/><\/td>\n<td>\n<h3><span style=\"font-style: italic; font-size: large;\">M<\/span>artin Jank<\/h3>\n<ul>\n<li>Sozialwissenschaftliche Konfliktforschung an der Universit\u00e4t Augsburg<\/li>\n<li>Deutsche Sprache und Literatur, Geschichte und Interdisziplin\u00e4re Studien an der Albert-Ludwigs-Universit\u00e4t in Freiburg<\/li>\n<li>Sozialwissenschaft an der Justus-Liebig-Universit\u00e4t in Gie\u00dfen<\/li>\n<li><span style=\"color: #ff6600;\"><strong>Focus:<\/strong><\/span>\n<ul>\n<li>Mediation &amp; Nonviolence<\/li>\n<li>Theories of (Social) Conflict &amp; Conflict Analysis<\/li>\n<li>Methods &amp; Methodology in the Social Sciences<\/li>\n<li>Conflicts in the Literature of the German Medieval Age<\/li>\n<\/ul>\n<\/li>\n<li><span style=\"color: #ff6600;\"><strong>Email<\/strong><b>: <\/b><a href=\"mailto:jank@galtung-institut.de\">jank@galtung-institut.de<\/a><\/span><\/li>\n<\/ul>\n<\/td>\n<\/tr>\n<tr>\n<td><img loading=\"lazy\" decoding=\"async\" class=\"alignnone wp-image-4981\" src=\"https:\/\/www.galtung-institut.de\/wp-content\/uploads\/2011\/08\/TheresaSing-240x300.jpg\" alt=\"TheresaSing-240x300\" width=\"150\" height=\"188\" \/><\/td>\n<td>\n<h3><span style=\"font-style: italic; font-size: large;\">T<\/span>heresa Sing<\/h3>\n<ul>\n<li>International Cultural and Business Studies, University of Passau<\/li>\n<li>Gadjah Mada University in Yogyakarta<\/li>\n<li><span style=\"color: #ff6600;\"><strong>Focus:<\/strong><\/span>\n<ul>\n<li>Southeast Asia<\/li>\n<li>Peace Economics &amp; Ethical Islamic Finance<\/li>\n<li>Comparing theories of Civilization<\/li>\n<li>Research Assistant, Project coordination &amp; CTS-Trainee at the Galtung-Institut<\/li>\n<\/ul>\n<\/li>\n<li><span style=\"color: #ff6600;\"><strong>Email<\/strong><b>: <\/b><a href=\"mailto:sing@galtung-institut.de\">sing@galtung-institut.de<\/a><\/span><\/li>\n<\/ul>\n<\/td>\n<\/tr>\n<tr>\n<td><img loading=\"lazy\" decoding=\"async\" class=\"alignnone wp-image-4979\" src=\"https:\/\/www.galtung-institut.de\/wp-content\/uploads\/2011\/08\/HannoHeynitz-240x300.jpg\" alt=\"HannoHeynitz-240x300\" width=\"150\" height=\"188\" \/><\/td>\n<td>\n<h3><span style=\"font-style: italic; font-size: large;\">H<\/span>anno Heynitz<\/h3>\n<ul>\n<li>International Relations at the Hochschule Rhein-Waal, Kleve<\/li>\n<li><span style=\"color: #ff6600;\"><strong>Focus:<\/strong><\/span>\n<ul>\n<li>Positive Peace, Peacebuilding in Diplomacy &amp; International Relations<\/li>\n<li>Conflict Transformation in Geopolitics &amp; Weltinnenpolitik<\/li>\n<li>Mnemontechnics<\/li>\n<li>Research Assistant, Project coordination &amp; CTS-Trainee at the Galtung-Institut<\/li>\n<\/ul>\n<\/li>\n<li><span style=\"color: #ff6600;\"><strong>Email<\/strong><b>: <\/b><a href=\"mailto:heynitz@galtung-institut.de\">heynitz@galtung-institut.de<\/a><\/span><\/li>\n<\/ul>\n<\/td>\n<\/tr>\n<tr>\n<td><img loading=\"lazy\" decoding=\"async\" class=\"alignnone wp-image-4985\" src=\"https:\/\/www.galtung-institut.de\/wp-content\/uploads\/2011\/08\/VanessaDai-240x300.jpg\" alt=\"VanessaDai-240x300\" width=\"150\" height=\"188\" \/><\/td>\n<td>\n<h3><span style=\"font-style: italic; font-size: large;\">V<\/span>anessa Da\u00ed<\/h3>\n<ul>\n<li>Spanish Language and Literature, Social Sciences, University of Basel &#8211; B.A.<\/li>\n<li>European Global Studies, University of Basel &#8211; with focus on Conflict and Peace Studies<\/li>\n<li>Executive Assistant<\/li>\n<li><strong>Focus:<\/strong>\n<ul>\n<li>Theories of Conflict Formation &amp; Conflict Transformation<\/li>\n<li>International Intervention &amp; Peace Practice<\/li>\n<li>Research Assistant, Project Coordination &amp; CTS-Trainee at the Galtung-Institut<\/li>\n<\/ul>\n<\/li>\n<li><span style=\"color: #ff6600;\"><strong>Email<\/strong><b>: <\/b><a href=\"mailto:dai@galtung-institut.de\">dai@galtung-institut.de<\/a><\/span><\/li>\n<\/ul>\n<\/td>\n<\/tr>\n<tr>\n<td><img loading=\"lazy\" decoding=\"async\" class=\"alignnone wp-image-5030\" src=\"https:\/\/www.galtung-institut.de\/wp-content\/uploads\/2011\/08\/VictoriaScheyer.jpg\" alt=\"VictoriaScheyer\" width=\"150\" height=\"188\" \/><\/td>\n<td>\n<h3><span style=\"font-style: italic; font-size: large;\">V<\/span>ictoria Scheyer<\/h3>\n<ul>\n<li>International Cultural and Business Studies at University Passau<\/li>\n<li>International Business and Indonesian Cultural Studies at Universitas Gadjah Mada<\/li>\n<li><span style=\"color: #ff6600;\"><strong>Focus:<\/strong><\/span>\n<ul>\n<li>International Politics and Southeast Asia<\/li>\n<li>Structural Violence<\/li>\n<li>Development &amp; Migration<\/li>\n<\/ul>\n<\/li>\n<li><span style=\"color: #ff6600;\"><strong>Email<\/strong><b>: <\/b><a href=\"mailto:scheyer@galtung-institut.de\">scheyer@galtung-institut.de<\/a><\/span><\/li>\n<\/ul>\n<\/td>\n<\/tr>\n<\/tbody>\n<\/table>\n<p><\/p>","protected":false},"excerpt":{"rendered":"<p>WillkommenB\u00fcroAssistentenSatzung Naakow Grant-Hayford Political Science, Peace &amp; Conflict Studies and International Law at the Philipps-University of Marburg African Studies at the University of Basel Focus: Epistemology of Peace Studies &amp; Theories of Conflict Conflict Transformation &amp; Peace Practice in International Relations Peacebuilding, Mediation, Conciliation and Conflict Resolution Subsaharan Africa: Permaculture, Self-Reliance &amp; Reflexive Development Strategies [&hellip;]<\/p>\n","protected":false},"author":1,"featured_media":0,"parent":2656,"menu_order":10,"comment_status":"open","ping_status":"closed","template":"","meta":{"_bbp_topic_count":0,"_bbp_reply_count":0,"_bbp_total_topic_count":0,"_bbp_total_reply_count":0,"_bbp_voice_count":0,"_bbp_anonymous_reply_count":0,"_bbp_topic_count_hidden":0,"_bbp_reply_count_hidden":0,"_bbp_forum_subforum_count":0,"footnotes":""},"coauthors":[802],"class_list":["post-74","page","type-page","status-publish","hentry"],"_links":{"self":[{"href":"https:\/\/www.galtung-institut.de\/de\/wp-json\/wp\/v2\/pages\/74","targetHints":{"allow":["GET"]}}],"collection":[{"href":"https:\/\/www.galtung-institut.de\/de\/wp-json\/wp\/v2\/pages"}],"about":[{"href":"https:\/\/www.galtung-institut.de\/de\/wp-json\/wp\/v2\/types\/page"}],"author":[{"embeddable":true,"href":"https:\/\/www.galtung-institut.de\/de\/wp-json\/wp\/v2\/users\/1"}],"replies":[{"embeddable":true,"href":"https:\/\/www.galtung-institut.de\/de\/wp-json\/wp\/v2\/comments?post=74"}],"version-history":[{"count":65,"href":"https:\/\/www.galtung-institut.de\/de\/wp-json\/wp\/v2\/pages\/74\/revisions"}],"predecessor-version":[{"id":7144,"href":"https:\/\/www.galtung-institut.de\/de\/wp-json\/wp\/v2\/pages\/74\/revisions\/7144"}],"up":[{"embeddable":true,"href":"https:\/\/www.galtung-institut.de\/de\/wp-json\/wp\/v2\/pages\/2656"}],"wp:attachment":[{"href":"https:\/\/www.galtung-institut.de\/de\/wp-json\/wp\/v2\/media?parent=74"}],"wp:term":[{"taxonomy":"author","embeddable":true,"href":"https:\/\/www.galtung-institut.de\/de\/wp-json\/wp\/v2\/coauthors?post=74"}],"curies":[{"name":"wp","href":"https:\/\/api.w.org\/{rel}","templated":true}]}}