{"id":7005,"date":"2017-06-26T21:49:13","date_gmt":"2017-06-26T19:49:13","guid":{"rendered":"https:\/\/www.galtung-institut.de\/?page_id=7005"},"modified":"2017-06-27T13:49:04","modified_gmt":"2017-06-27T11:49:04","slug":"accommodation","status":"publish","type":"page","link":"https:\/\/www.galtung-institut.de\/de\/training\/onsite\/accommodation\/","title":{"rendered":"Unterkunft"},"content":{"rendered":"<p><\/p>\n<div id=\"submenu\"><a href=\"https:\/\/www.galtung-institut.de\/training\/apply\/\">Anmeldung<\/a><a href=\"https:\/\/www.galtung-institut.de\/training\/onsite\/hotels\/\">Hotels<\/a><a href=\"https:\/\/www.galtung-institut.de\/training\/onsite\/accomodation\/\">Unterkunft<\/a><a href=\"https:\/\/www.galtung-institut.de\/training\/faculty\/\">Lehrk\u00f6rper<\/a><\/div>\n<p>Das G-I bietet Student*Innen eine Unterkunft an. Diese ist mit K\u00fcche, Badezimmer, Wohnzimmer, Balkon und sch\u00f6nem Garten ausgestattet und kostet <em>25 Euro pro Nacht<\/em>. Allerdings haben wir nur <em>begrenzte Pl\u00e4tze<\/em> weshalb wir empfehlen so schnell wie m\u00f6glich Bescheid zu sagen, ob ein Platz reserviert werden soll.<\/p>\n<p>\n\t\t<style type=\"text\/css\">\n\t\t\t#gallery-2 {\n\t\t\t\tmargin: auto;\n\t\t\t}\n\t\t\t#gallery-2 .gallery-item {\n\t\t\t\tfloat: left;\n\t\t\t\tmargin-top: 10px;\n\t\t\t\ttext-align: center;\n\t\t\t\twidth: 50%;\n\t\t\t}\n\t\t\t#gallery-2 img {\n\t\t\t\tborder: 2px solid #cfcfcf;\n\t\t\t}\n\t\t\t#gallery-2 .gallery-caption {\n\t\t\t\tmargin-left: 0;\n\t\t\t}\n\t\t\t\/* see gallery_shortcode() in wp-includes\/media.php *\/\n\t\t<\/style>\n\t\t<div id='gallery-2' class='gallery galleryid-7005 gallery-columns-2 gallery-size-medium'><dl class='gallery-item'>\n\t\t\t<dt class='gallery-icon landscape'>\n\t\t\t\t<img loading=\"lazy\" decoding=\"async\" width=\"300\" height=\"200\" src=\"https:\/\/www.galtung-institut.de\/wp-content\/uploads\/2016\/02\/1st-groupd-300x200.jpg\" class=\"attachment-medium size-medium\" alt=\"\" srcset=\"https:\/\/www.galtung-institut.de\/wp-content\/uploads\/2016\/02\/1st-groupd-300x200.jpg 300w, https:\/\/www.galtung-institut.de\/wp-content\/uploads\/2016\/02\/1st-groupd-1024x683.jpg 1024w, https:\/\/www.galtung-institut.de\/wp-content\/uploads\/2016\/02\/1st-groupd-600x400.jpg 600w\" sizes=\"auto, (max-width: 300px) 100vw, 300px\" \/>\n\t\t\t<\/dt><\/dl><dl class='gallery-item'>\n\t\t\t<dt class='gallery-icon landscape'>\n\t\t\t\t<img loading=\"lazy\" decoding=\"async\" width=\"300\" height=\"200\" src=\"https:\/\/www.galtung-institut.de\/wp-content\/uploads\/2016\/02\/1st-groupc-300x200.jpg\" class=\"attachment-medium size-medium\" alt=\"\" srcset=\"https:\/\/www.galtung-institut.de\/wp-content\/uploads\/2016\/02\/1st-groupc-300x200.jpg 300w, https:\/\/www.galtung-institut.de\/wp-content\/uploads\/2016\/02\/1st-groupc-1024x683.jpg 1024w, https:\/\/www.galtung-institut.de\/wp-content\/uploads\/2016\/02\/1st-groupc-600x400.jpg 600w\" sizes=\"auto, (max-width: 300px) 100vw, 300px\" \/>\n\t\t\t<\/dt><\/dl><br style=\"clear: both\" \/><dl class='gallery-item'>\n\t\t\t<dt class='gallery-icon landscape'>\n\t\t\t\t<img loading=\"lazy\" decoding=\"async\" width=\"300\" height=\"200\" src=\"https:\/\/www.galtung-institut.de\/wp-content\/uploads\/2016\/02\/1st-groupo-300x200.jpg\" class=\"attachment-medium size-medium\" alt=\"\" srcset=\"https:\/\/www.galtung-institut.de\/wp-content\/uploads\/2016\/02\/1st-groupo-300x200.jpg 300w, https:\/\/www.galtung-institut.de\/wp-content\/uploads\/2016\/02\/1st-groupo-1024x683.jpg 1024w, https:\/\/www.galtung-institut.de\/wp-content\/uploads\/2016\/02\/1st-groupo-600x400.jpg 600w\" sizes=\"auto, (max-width: 300px) 100vw, 300px\" \/>\n\t\t\t<\/dt><\/dl><dl class='gallery-item'>\n\t\t\t<dt class='gallery-icon landscape'>\n\t\t\t\t<img loading=\"lazy\" decoding=\"async\" width=\"300\" height=\"200\" src=\"https:\/\/www.galtung-institut.de\/wp-content\/uploads\/2016\/02\/1st-groupl-300x200.jpg\" class=\"attachment-medium size-medium\" alt=\"\" srcset=\"https:\/\/www.galtung-institut.de\/wp-content\/uploads\/2016\/02\/1st-groupl-300x200.jpg 300w, https:\/\/www.galtung-institut.de\/wp-content\/uploads\/2016\/02\/1st-groupl-1024x683.jpg 1024w, https:\/\/www.galtung-institut.de\/wp-content\/uploads\/2016\/02\/1st-groupl-600x400.jpg 600w\" sizes=\"auto, (max-width: 300px) 100vw, 300px\" \/>\n\t\t\t<\/dt><\/dl><br style=\"clear: both\" \/><dl class='gallery-item'>\n\t\t\t<dt class='gallery-icon landscape'>\n\t\t\t\t<img loading=\"lazy\" decoding=\"async\" width=\"300\" height=\"200\" src=\"https:\/\/www.galtung-institut.de\/wp-content\/uploads\/2016\/02\/1st-groupj-300x200.jpg\" class=\"attachment-medium size-medium\" alt=\"\" srcset=\"https:\/\/www.galtung-institut.de\/wp-content\/uploads\/2016\/02\/1st-groupj-300x200.jpg 300w, https:\/\/www.galtung-institut.de\/wp-content\/uploads\/2016\/02\/1st-groupj-1024x683.jpg 1024w, https:\/\/www.galtung-institut.de\/wp-content\/uploads\/2016\/02\/1st-groupj-600x400.jpg 600w\" sizes=\"auto, (max-width: 300px) 100vw, 300px\" \/>\n\t\t\t<\/dt><\/dl><dl class='gallery-item'>\n\t\t\t<dt class='gallery-icon landscape'>\n\t\t\t\t<img loading=\"lazy\" decoding=\"async\" width=\"300\" height=\"225\" src=\"https:\/\/www.galtung-institut.de\/wp-content\/uploads\/2016\/02\/IMG_0580-300x225.jpg\" class=\"attachment-medium size-medium\" alt=\"\" srcset=\"https:\/\/www.galtung-institut.de\/wp-content\/uploads\/2016\/02\/IMG_0580-300x225.jpg 300w, https:\/\/www.galtung-institut.de\/wp-content\/uploads\/2016\/02\/IMG_0580-1024x768.jpg 1024w, https:\/\/www.galtung-institut.de\/wp-content\/uploads\/2016\/02\/IMG_0580-600x450.jpg 600w\" sizes=\"auto, (max-width: 300px) 100vw, 300px\" \/>\n\t\t\t<\/dt><\/dl><br style=\"clear: both\" \/><dl class='gallery-item'>\n\t\t\t<dt class='gallery-icon landscape'>\n\t\t\t\t<img loading=\"lazy\" decoding=\"async\" width=\"300\" height=\"225\" src=\"https:\/\/www.galtung-institut.de\/wp-content\/uploads\/2016\/02\/IMG_0537-300x225.jpg\" class=\"attachment-medium size-medium\" alt=\"\" srcset=\"https:\/\/www.galtung-institut.de\/wp-content\/uploads\/2016\/02\/IMG_0537-300x225.jpg 300w, https:\/\/www.galtung-institut.de\/wp-content\/uploads\/2016\/02\/IMG_0537-1024x768.jpg 1024w, https:\/\/www.galtung-institut.de\/wp-content\/uploads\/2016\/02\/IMG_0537-600x450.jpg 600w\" sizes=\"auto, (max-width: 300px) 100vw, 300px\" \/>\n\t\t\t<\/dt><\/dl>\n\t\t\t<br style='clear: both' \/>\n\t\t<\/div>\n<\/p>","protected":false},"excerpt":{"rendered":"<p>AnmeldungHotelsUnterkunftLehrk\u00f6rper Das G-I bietet Student*Innen eine Unterkunft an. Diese ist mit K\u00fcche, Badezimmer, Wohnzimmer, Balkon und sch\u00f6nem Garten ausgestattet und kostet 25 Euro pro Nacht. Allerdings haben wir nur begrenzte Pl\u00e4tze weshalb wir empfehlen so schnell wie m\u00f6glich Bescheid zu sagen, ob ein Platz reserviert werden soll.<\/p>\n","protected":false},"author":1,"featured_media":0,"parent":279,"menu_order":0,"comment_status":"closed","ping_status":"closed","template":"","meta":{"_bbp_topic_count":0,"_bbp_reply_count":0,"_bbp_total_topic_count":0,"_bbp_total_reply_count":0,"_bbp_voice_count":0,"_bbp_anonymous_reply_count":0,"_bbp_topic_count_hidden":0,"_bbp_reply_count_hidden":0,"_bbp_forum_subforum_count":0,"footnotes":""},"coauthors":[802],"class_list":["post-7005","page","type-page","status-publish","hentry"],"_links":{"self":[{"href":"https:\/\/www.galtung-institut.de\/de\/wp-json\/wp\/v2\/pages\/7005","targetHints":{"allow":["GET"]}}],"collection":[{"href":"https:\/\/www.galtung-institut.de\/de\/wp-json\/wp\/v2\/pages"}],"about":[{"href":"https:\/\/www.galtung-institut.de\/de\/wp-json\/wp\/v2\/types\/page"}],"author":[{"embeddable":true,"href":"https:\/\/www.galtung-institut.de\/de\/wp-json\/wp\/v2\/users\/1"}],"replies":[{"embeddable":true,"href":"https:\/\/www.galtung-institut.de\/de\/wp-json\/wp\/v2\/comments?post=7005"}],"version-history":[{"count":7,"href":"https:\/\/www.galtung-institut.de\/de\/wp-json\/wp\/v2\/pages\/7005\/revisions"}],"predecessor-version":[{"id":7026,"href":"https:\/\/www.galtung-institut.de\/de\/wp-json\/wp\/v2\/pages\/7005\/revisions\/7026"}],"up":[{"embeddable":true,"href":"https:\/\/www.galtung-institut.de\/de\/wp-json\/wp\/v2\/pages\/279"}],"wp:attachment":[{"href":"https:\/\/www.galtung-institut.de\/de\/wp-json\/wp\/v2\/media?parent=7005"}],"wp:term":[{"taxonomy":"author","embeddable":true,"href":"https:\/\/www.galtung-institut.de\/de\/wp-json\/wp\/v2\/coauthors?post=7005"}],"curies":[{"name":"wp","href":"https:\/\/api.w.org\/{rel}","templated":true}]}}