{"id":5576,"date":"2016-10-06T20:51:29","date_gmt":"2016-10-06T18:51:29","guid":{"rendered":"https:\/\/www.galtung-institut.de\/?page_id=5576"},"modified":"2025-02-12T22:48:00","modified_gmt":"2025-02-12T21:48:00","slug":"research-assistants","status":"publish","type":"page","link":"https:\/\/www.galtung-institut.de\/de\/home\/research-assistants\/","title":{"rendered":"Assistenten"},"content":{"rendered":"<p><\/p>\n<div id=\"submenu\"><a href=\"https:\/\/www.galtung-institut.de\/de\/2011\/welcome\/\">Willkommen<\/a><a href=\"https:\/\/www.galtung-institut.de\/de\/home\/g-i-office\/\">B\u00fcro<\/a><a href=\"https:\/\/www.galtung-institut.de\/de\/home\/research-assistants\/\">Assistenten<\/a><a class=\"boxed\" title=\"Satzung\" href=\"\/wp-content\/uploads\/2014\/08\/Satzung_des_Galtung-Instituts.pdf\" target=\"_blank\" rel=\"noopener noreferrer\">Satzung<\/a><\/div>\n<p>&nbsp;<\/p>\n<p>Diese Seite ist nur <a href=\"https:\/\/www.galtung-institut.de\/en\/home\/research-assistants\/\">auf Englisch verf\u00fcgbar<\/a>.<\/p>\n<div id=\"submenu\"><a href=\"https:\/\/www.galtung-institut.de\/de\/2011\/welcome\/\">Willkommen<\/a><a href=\"https:\/\/www.galtung-institut.de\/de\/home\/g-i-office\/\">B\u00fcro<\/a><a href=\"https:\/\/www.galtung-institut.de\/de\/home\/research-assistants\/\">Assistenten<\/a><a class=\"boxed\" title=\"Satzung\" href=\"\/wp-content\/uploads\/2014\/08\/Satzung_des_Galtung-Instituts.pdf\" target=\"_blank\" rel=\"noopener noreferrer\">Satzung<\/a><\/div>\n<p>&nbsp;<\/p>\n<p>Diese Seite ist nur <a href=\"https:\/\/www.galtung-institut.de\/en\/home\/research-assistants\/\">auf Englisch verf\u00fcgbar<\/a>.<\/p>\n<div id=\"submenu\"><a href=\"https:\/\/www.galtung-institut.de\/de\/2011\/welcome\/\">Willkommen<\/a><a href=\"https:\/\/www.galtung-institut.de\/de\/home\/g-i-office\/\">B\u00fcro<\/a><a href=\"https:\/\/www.galtung-institut.de\/de\/home\/research-assistants\/\">Assistenten<\/a><a class=\"boxed\" title=\"Satzung\" href=\"\/wp-content\/uploads\/2014\/08\/Satzung_des_Galtung-Instituts.pdf\" target=\"_blank\" rel=\"noopener noreferrer\">Satzung<\/a><\/div>\n<p>&nbsp;<\/p>\n<p>Diese Seite ist nur <a href=\"https:\/\/www.galtung-institut.de\/en\/home\/research-assistants\/\">auf Englisch verf\u00fcgbar<\/a>.<\/p>\n<div id=\"submenu\"><a href=\"https:\/\/www.galtung-institut.de\/de\/2011\/welcome\/\">Willkommen<\/a><a href=\"https:\/\/www.galtung-institut.de\/de\/home\/g-i-office\/\">B\u00fcro<\/a><a href=\"https:\/\/www.galtung-institut.de\/de\/home\/research-assistants\/\">Assistenten<\/a><a class=\"boxed\" title=\"Satzung\" href=\"\/wp-content\/uploads\/2014\/08\/Satzung_des_Galtung-Instituts.pdf\" target=\"_blank\" rel=\"noopener noreferrer\">Satzung<\/a><\/div>\n<p>&nbsp;<\/p>\n<p>Diese Seite ist nur <a href=\"https:\/\/www.galtung-institut.de\/en\/home\/research-assistants\/\">auf Englisch verf\u00fcgbar<\/a>.<\/p>\n<div id=\"submenu\"><a href=\"https:\/\/www.galtung-institut.de\/de\/2011\/welcome\/\">Willkommen<\/a><a href=\"https:\/\/www.galtung-institut.de\/de\/home\/g-i-office\/\">B\u00fcro<\/a><a href=\"https:\/\/www.galtung-institut.de\/de\/home\/research-assistants\/\">Assistenten<\/a><a class=\"boxed\" title=\"Satzung\" href=\"\/wp-content\/uploads\/2014\/08\/Satzung_des_Galtung-Instituts.pdf\" target=\"_blank\" rel=\"noopener noreferrer\">Satzung<\/a><\/div>\n<p>&nbsp;<\/p>\n<p>Diese Seite ist nur <a href=\"https:\/\/www.galtung-institut.de\/en\/home\/research-assistants\/\">auf Englisch verf\u00fcgbar<\/a>.<\/p>\n<div id=\"submenu\"><a href=\"https:\/\/www.galtung-institut.de\/de\/2011\/welcome\/\">Willkommen<\/a><a href=\"https:\/\/www.galtung-institut.de\/de\/home\/g-i-office\/\">B\u00fcro<\/a><a href=\"https:\/\/www.galtung-institut.de\/de\/home\/research-assistants\/\">Assistenten<\/a><a class=\"boxed\" title=\"Satzung\" href=\"\/wp-content\/uploads\/2014\/08\/Satzung_des_Galtung-Instituts.pdf\" target=\"_blank\" rel=\"noopener noreferrer\">Satzung<\/a><\/div>\n<p>&nbsp;<\/p>\n<p>Diese Seite ist nur <a href=\"https:\/\/www.galtung-institut.de\/en\/home\/research-assistants\/\">auf Englisch verf\u00fcgbar<\/a>.<\/p>\n<div id=\"submenu\"><a href=\"https:\/\/www.galtung-institut.de\/de\/2011\/welcome\/\">Willkommen<\/a><a href=\"https:\/\/www.galtung-institut.de\/de\/home\/g-i-office\/\">B\u00fcro<\/a><a href=\"https:\/\/www.galtung-institut.de\/de\/home\/research-assistants\/\">Assistenten<\/a><a class=\"boxed\" title=\"Satzung\" href=\"\/wp-content\/uploads\/2014\/08\/Satzung_des_Galtung-Instituts.pdf\" target=\"_blank\" rel=\"noopener noreferrer\">Satzung<\/a><\/div>\n<p>&nbsp;<\/p>\n<p>Diese Seite ist nur <a href=\"https:\/\/www.galtung-institut.de\/en\/home\/research-assistants\/\">auf Englisch verf\u00fcgbar<\/a>.<\/p>\n<div id=\"submenu\"><a href=\"https:\/\/www.galtung-institut.de\/de\/2011\/welcome\/\">Willkommen<\/a><a href=\"https:\/\/www.galtung-institut.de\/de\/home\/g-i-office\/\">B\u00fcro<\/a><a href=\"https:\/\/www.galtung-institut.de\/de\/home\/research-assistants\/\">Assistenten<\/a><a class=\"boxed\" title=\"Satzung\" href=\"\/wp-content\/uploads\/2014\/08\/Satzung_des_Galtung-Instituts.pdf\" target=\"_blank\" rel=\"noopener noreferrer\">Satzung<\/a><\/div>\n<p>&nbsp;<\/p>\n<p>Diese Seite ist nur <a href=\"https:\/\/www.galtung-institut.de\/en\/home\/research-assistants\/\">auf Englisch verf\u00fcgbar<\/a>.<\/p>\n<div id=\"submenu\"><a href=\"https:\/\/www.galtung-institut.de\/de\/2011\/welcome\/\">Willkommen<\/a><a href=\"https:\/\/www.galtung-institut.de\/de\/home\/g-i-office\/\">B\u00fcro<\/a><a href=\"https:\/\/www.galtung-institut.de\/de\/home\/research-assistants\/\">Assistenten<\/a><a class=\"boxed\" title=\"Satzung\" href=\"\/wp-content\/uploads\/2014\/08\/Satzung_des_Galtung-Instituts.pdf\" target=\"_blank\" rel=\"noopener noreferrer\">Satzung<\/a><\/div>\n<p>&nbsp;<\/p>\n<p>Diese Seite ist nur <a href=\"https:\/\/www.galtung-institut.de\/en\/home\/research-assistants\/\">auf Englisch verf\u00fcgbar<\/a>.<\/p>\n<div id=\"submenu\"><a href=\"https:\/\/www.galtung-institut.de\/de\/2011\/welcome\/\">Willkommen<\/a><a href=\"https:\/\/www.galtung-institut.de\/de\/home\/g-i-office\/\">B\u00fcro<\/a><a href=\"https:\/\/www.galtung-institut.de\/de\/home\/research-assistants\/\">Assistenten<\/a><a class=\"boxed\" title=\"Satzung\" href=\"\/wp-content\/uploads\/2014\/08\/Satzung_des_Galtung-Instituts.pdf\" target=\"_blank\" rel=\"noopener noreferrer\">Satzung<\/a><\/div>\n<p>&nbsp;<\/p>\n<p>Diese Seite ist nur <a href=\"https:\/\/www.galtung-institut.de\/en\/home\/research-assistants\/\">auf Englisch verf\u00fcgbar<\/a>.<\/p>\n<div id=\"submenu\"><a href=\"https:\/\/www.galtung-institut.de\/de\/2011\/welcome\/\">Willkommen<\/a><a href=\"https:\/\/www.galtung-institut.de\/de\/home\/g-i-office\/\">B\u00fcro<\/a><a href=\"https:\/\/www.galtung-institut.de\/de\/home\/research-assistants\/\">Assistenten<\/a><a class=\"boxed\" title=\"Satzung\" href=\"\/wp-content\/uploads\/2014\/08\/Satzung_des_Galtung-Instituts.pdf\" target=\"_blank\" rel=\"noopener noreferrer\">Satzung<\/a><\/div>\n<p>&nbsp;<\/p>\n<p>Diese Seite ist nur <a href=\"https:\/\/www.galtung-institut.de\/en\/home\/research-assistants\/\">auf Englisch verf\u00fcgbar<\/a>.<\/p>\n<div id=\"submenu\"><a href=\"https:\/\/www.galtung-institut.de\/de\/2011\/welcome\/\">Willkommen<\/a><a href=\"https:\/\/www.galtung-institut.de\/de\/home\/g-i-office\/\">B\u00fcro<\/a><a href=\"https:\/\/www.galtung-institut.de\/de\/home\/research-assistants\/\">Assistenten<\/a><a class=\"boxed\" title=\"Satzung\" href=\"\/wp-content\/uploads\/2014\/08\/Satzung_des_Galtung-Instituts.pdf\" target=\"_blank\" rel=\"noopener noreferrer\">Satzung<\/a><\/div>\n<p>&nbsp;<\/p>\n<p>Diese Seite ist nur <a href=\"https:\/\/www.galtung-institut.de\/en\/home\/research-assistants\/\">auf Englisch verf\u00fcgbar<\/a>.<\/p>\n<div id=\"submenu\"><a href=\"https:\/\/www.galtung-institut.de\/de\/2011\/welcome\/\">Willkommen<\/a><a href=\"https:\/\/www.galtung-institut.de\/de\/home\/g-i-office\/\">B\u00fcro<\/a><a href=\"https:\/\/www.galtung-institut.de\/de\/home\/research-assistants\/\">Assistenten<\/a><a class=\"boxed\" title=\"Satzung\" href=\"\/wp-content\/uploads\/2014\/08\/Satzung_des_Galtung-Instituts.pdf\" target=\"_blank\" rel=\"noopener noreferrer\">Satzung<\/a><\/div>\n<p>&nbsp;<\/p>\n<p>Diese Seite ist nur <a href=\"https:\/\/www.galtung-institut.de\/en\/home\/research-assistants\/\">auf Englisch verf\u00fcgbar<\/a>.<\/p>\n<div id=\"submenu\"><a href=\"https:\/\/www.galtung-institut.de\/de\/2011\/welcome\/\">Willkommen<\/a><a href=\"https:\/\/www.galtung-institut.de\/de\/home\/g-i-office\/\">B\u00fcro<\/a><a href=\"https:\/\/www.galtung-institut.de\/de\/home\/research-assistants\/\">Assistenten<\/a><a class=\"boxed\" title=\"Satzung\" href=\"\/wp-content\/uploads\/2014\/08\/Satzung_des_Galtung-Instituts.pdf\" target=\"_blank\" rel=\"noopener noreferrer\">Satzung<\/a><\/div>\n<p>&nbsp;<\/p>\n<p>Diese Seite ist nur <a href=\"https:\/\/www.galtung-institut.de\/en\/home\/research-assistants\/\">auf Englisch verf\u00fcgbar<\/a>.<\/p>\n<div id=\"submenu\"><a href=\"https:\/\/www.galtung-institut.de\/de\/2011\/welcome\/\">Willkommen<\/a><a href=\"https:\/\/www.galtung-institut.de\/de\/home\/g-i-office\/\">B\u00fcro<\/a><a href=\"https:\/\/www.galtung-institut.de\/de\/home\/research-assistants\/\">Assistenten<\/a><a class=\"boxed\" title=\"Satzung\" href=\"\/wp-content\/uploads\/2014\/08\/Satzung_des_Galtung-Instituts.pdf\" target=\"_blank\" rel=\"noopener noreferrer\">Satzung<\/a><\/div>\n<p>&nbsp;<\/p>\n<p>Diese Seite ist nur <a href=\"https:\/\/www.galtung-institut.de\/en\/home\/research-assistants\/\">auf Englisch verf\u00fcgbar<\/a>.<\/p>\n<div id=\"submenu\"><a href=\"https:\/\/www.galtung-institut.de\/de\/2011\/welcome\/\">Willkommen<\/a><a href=\"https:\/\/www.galtung-institut.de\/de\/home\/g-i-office\/\">B\u00fcro<\/a><a href=\"https:\/\/www.galtung-institut.de\/de\/home\/research-assistants\/\">Assistenten<\/a><a class=\"boxed\" title=\"Satzung\" href=\"\/wp-content\/uploads\/2014\/08\/Satzung_des_Galtung-Instituts.pdf\" target=\"_blank\" rel=\"noopener noreferrer\">Satzung<\/a><\/div>\n<p>&nbsp;<\/p>\n<p>Diese Seite ist nur <a href=\"https:\/\/www.galtung-institut.de\/en\/home\/research-assistants\/\">auf Englisch verf\u00fcgbar<\/a>.<\/p>","protected":false},"excerpt":{"rendered":"<p>WillkommenB\u00fcroAssistentenSatzung &nbsp; Diese Seite ist nur auf Englisch verf\u00fcgbar. WillkommenB\u00fcroAssistentenSatzung &nbsp; Diese Seite ist nur auf Englisch verf\u00fcgbar. WillkommenB\u00fcroAssistentenSatzung &nbsp; Diese Seite ist nur auf Englisch verf\u00fcgbar. WillkommenB\u00fcroAssistentenSatzung &nbsp; Diese Seite ist nur auf Englisch verf\u00fcgbar. WillkommenB\u00fcroAssistentenSatzung &nbsp; Diese Seite ist nur auf Englisch verf\u00fcgbar. WillkommenB\u00fcroAssistentenSatzung &nbsp; Diese Seite ist nur auf Englisch verf\u00fcgbar. WillkommenB\u00fcroAssistentenSatzung [&hellip;]<\/p>\n","protected":false},"author":1,"featured_media":0,"parent":2656,"menu_order":99,"comment_status":"closed","ping_status":"closed","template":"","meta":{"_bbp_topic_count":0,"_bbp_reply_count":0,"_bbp_total_topic_count":0,"_bbp_total_reply_count":0,"_bbp_voice_count":0,"_bbp_anonymous_reply_count":0,"_bbp_topic_count_hidden":0,"_bbp_reply_count_hidden":0,"_bbp_forum_subforum_count":0,"footnotes":""},"coauthors":[802],"class_list":["post-5576","page","type-page","status-publish","hentry"],"_links":{"self":[{"href":"https:\/\/www.galtung-institut.de\/de\/wp-json\/wp\/v2\/pages\/5576","targetHints":{"allow":["GET"]}}],"collection":[{"href":"https:\/\/www.galtung-institut.de\/de\/wp-json\/wp\/v2\/pages"}],"about":[{"href":"https:\/\/www.galtung-institut.de\/de\/wp-json\/wp\/v2\/types\/page"}],"author":[{"embeddable":true,"href":"https:\/\/www.galtung-institut.de\/de\/wp-json\/wp\/v2\/users\/1"}],"replies":[{"embeddable":true,"href":"https:\/\/www.galtung-institut.de\/de\/wp-json\/wp\/v2\/comments?post=5576"}],"version-history":[{"count":44,"href":"https:\/\/www.galtung-institut.de\/de\/wp-json\/wp\/v2\/pages\/5576\/revisions"}],"predecessor-version":[{"id":8277,"href":"https:\/\/www.galtung-institut.de\/de\/wp-json\/wp\/v2\/pages\/5576\/revisions\/8277"}],"up":[{"embeddable":true,"href":"https:\/\/www.galtung-institut.de\/de\/wp-json\/wp\/v2\/pages\/2656"}],"wp:attachment":[{"href":"https:\/\/www.galtung-institut.de\/de\/wp-json\/wp\/v2\/media?parent=5576"}],"wp:term":[{"taxonomy":"author","embeddable":true,"href":"https:\/\/www.galtung-institut.de\/de\/wp-json\/wp\/v2\/coauthors?post=5576"}],"curies":[{"name":"wp","href":"https:\/\/api.w.org\/{rel}","templated":true}]}}