{"id":5519,"date":"2016-09-20T23:13:11","date_gmt":"2016-09-20T21:13:11","guid":{"rendered":"https:\/\/www.galtung-institut.de\/?page_id=5519"},"modified":"2018-09-26T12:29:49","modified_gmt":"2018-09-26T10:29:49","slug":"f-a-q","status":"publish","type":"page","link":"https:\/\/www.galtung-institut.de\/de\/training\/onsite\/young-academics-yadip\/f-a-q\/","title":{"rendered":"F.A.Q."},"content":{"rendered":"<p><\/p>\n<div id=\"submenu\"><a href=\"https:\/\/www.galtung-institut.de\/training\/young-academics-yadip\/\">YADIP<\/a><a href=\"https:\/\/www.galtung-institut.de\/training\/apply\/\">Anmelden<\/a><a href=\"https:\/\/www.galtung-institut.de\/training\/young-academics-yadip\/f-a-q\/\">F.A.Q.<\/a><\/div>\n<h2><\/h2>\n<h2><strong>1. Wer nimmt daran teil?<\/strong><\/h2>\n<ul>\n<li>YADIP ist f\u00fcr eingeschriebene Studierende (B.A., M.A. &amp; PHD) aller Fachbereiche zug\u00e4nglich<\/li>\n<\/ul>\n<h2>2. Welche Lehrformate werden angeboten?<\/h2>\n<ul>\n<li>YADIP ist eine umfassende Kombination aus den Pr\u00e4senz- (On-site) und Fernkursen (Online) des G-I<\/li>\n<li>YADIP geht \u00fcber CTS hinaus: YADIP TeilnehmerInnen forschen aktiv an ausgew\u00e4hlten Projekten am G-I<\/li>\n<li>YADIP TeilnehmerInnen erlernen praktische\u00a0Drittmittelakquise und Fundraising<\/li>\n<li>Regul\u00e4res Training: Durchgehendes Training durch G-I-Staff<\/li>\n<li>Sommerakademie: Training durch internationale Expert*innen und G-I-Staff<\/li>\n<li>Herbstakademie: Training durch internationale Expert*innen und G-I-Staff<\/li>\n<\/ul>\n<h2>3. Dauer und Arbeitsaufwand der YADIP-Ausbildung?<\/h2>\n<ul>\n<li>YADIP ist als berufsqualifizierende und studienbegleitende Ausbildung konzipiert. Um die Qualit\u00e4t der Ausbildung zu sichern, dauert ein YADIP-Semester 6 Monate (ca. 10 Std. pro Woche). Das YADIP-Semester beruht auf vier Arbeitsbereichen, die mit unterschiedlichen Ergebnissen\/Outputs verkn\u00fcpft sind. Teilnehmer*innen verfassen individuelle bzw. gemeinsame Analysen (ggf. mit Hausarbeiten im laufenden Studium kombinierbar) und setzen Team-Missions um.\n<ul>\n<li>i) Selbststudium<\/li>\n<li>ii) Online-Sessions: Intranet-basierte Zusammenarbeit<\/li>\n<li>iii) On-site-Seminareinheiten: 3, ggf. 5 Wochenend-sessions<\/li>\n<li>iv) Team-Missions: Research &amp; Fundraising<\/li>\n<\/ul>\n<\/li>\n<\/ul>\n<h2>4. Konkrete Skills &amp; Kompetenzen: Was wird beigebracht &amp; was kann ich danach?<\/h2>\n<ul>\n<li>Theoretische Grundverst\u00e4ndnisse von Macht, Konflikt, Sicherheit, Gewalt &amp; Frieden<\/li>\n<li>Transdisziplin\u00e4re &amp; ebenen-neutrale Konfliktanalyse<\/li>\n<li>Techniken &amp; Verfahren der Konflikttransformation<\/li>\n<li>Techniken &amp; Verfahren der ebenen-neutralen Konfliktbearbeitung<\/li>\n<li>Techniken &amp; Verfahren der internationalen Mediation<\/li>\n<li>Kulturelle Heterogenit\u00e4t systematisch reflektieren<\/li>\n<li>Executive Desk Studies verfassen und friedensjournalistisches Schreiben<\/li>\n<li>L\u00f6sungsorientierte Konfliktanalysen f\u00fcr\n<ul>\n<li>Mikro-Konflikte<\/li>\n<li>Meso-Konflikte<\/li>\n<li>Makro-Konflikte<\/li>\n<li>Mega-Konflikte<\/li>\n<\/ul>\n<\/li>\n<\/ul>\n<h2>5. Welche Qualifikationen erh\u00e4lt man bei YADIP?<\/h2>\n<ul>\n<li>YADIP-Teilnehmer*innen erwerben entweder (a) einen SICA-Abschluss (Solution Indicative Conflict Analyst) oder (b) einen CTS-Abschluss (Conflict Transformation Specialist) am Galtung-Institut f\u00fcr Friedenstheorie und Friedenspraxis. F\u00fcr internationale Berufe sind diese Zertifikate des G-I ausgezeichnete Zusatzqualifikationen, die den jeweils angestrebten Studienabschluss erg\u00e4nzen.<\/li>\n<li>Als eingeschriebene Studierende k\u00f6nnen YADIP Teilnehmer*innen auf Wunsch f\u00fcr ihre Teilnahme Praktikumsbescheinigungen bekommen.<\/li>\n<\/ul>\n<h2>6. F\u00fcr welche Berufe sind diese Qualifikationen wichtig?<\/h2>\n<ul>\n<li>\u00c4mter f\u00fcr ausw\u00e4rtige Angelegenheiten und Diplomatie<\/li>\n<li>Staatliche, zwischenstaatliche und supranationale Organisationen<\/li>\n<li>Schulen, \u00d6ffentliche Verwaltung und Parlamente<\/li>\n<li>NGOs und Entwicklungszusammenarbeit<\/li>\n<li>Internationale Politikberatung<\/li>\n<li>Internationaler Journalismus und Au\u00dfenkorrespondenz<\/li>\n<li>Unternehmungsberatung, Personalberatung und Diversity Management<\/li>\n<\/ul>\n<h2>7. Wo findet YADIP statt?<\/h2>\n<ul>\n<li>YADIP-Kurse sind f\u00fcr Studierende aus aller Welt konzipiert. Entsprechend kann YADIP als ma\u00dfgeschneiderte Kombination aus Online-Fernkursen und On-site-Kursen mit Pr\u00e4senzpflicht umgesetzt werden. Regul\u00e4re On-site-Kurse finden in den R\u00e4umlichkeiten des Galtung-Institutes f\u00fcr Friedenstheorie und Friedenspraxis in Grenzach-Wyhlen\/D bei Basel\/CH statt. Irregul\u00e4re Kurse k\u00f6nnen ggf. in der ganzen Schweiz bzw. im gesamten Bundesgebiet konzipiert und umgesetzt werden.<\/li>\n<\/ul>\n<h2>8. Was kostet YADIP?<\/h2>\n<ul>\n<li>Der Grundbetrag f\u00fcr diese Weiterbildung betr\u00e4gt f\u00fcr <span style=\"text-decoration: underline;\"><em>eingetragene Studierende <\/em><\/span> \u20ac780.<\/li>\n<li>Idealerweise ist die YADIP-Ausbildung f\u00fcr teilnehmende Studierende kostenfrei, denn zur Senkung und ggf. Deckung der anfallenden Kosten bilden YADIP Teilnehmer*innen professionell begleitete Fundraising-Gruppen. Das Galtung-Institut unterst\u00fctzt sie ggf. dabei.<\/li>\n<\/ul>\n<h2>9. Nach der YADIP-Ausbildung: YADIP-Attach\u00e9 werden?<\/h2>\n<ul>\n<li>YADIP Teilnehmer*innen k\u00f6nnen Attach\u00e9s des G-I werden und als solche von Kontakten zum internationalen Netzwerk von \u00fcber 500 professionellen Konfliktspezialist*innen in 80 Staaten profitieren. Sie k\u00f6nnen nach YADIP Praktika im au\u00dfereurop\u00e4ischen Raum anstreben: Washington D.C. (USA), Pueblo (Mexiko), Yaound\u00e9 (Kamerun), Accra (Ghana), Phnom-Penh (Kambodscha), Kyoto (Japan) uvm.<\/li>\n<li>Alumni-Mitglied: YADIP-Attach\u00e9s werden nach 2 Jahren als Alumni des Galtung-Instituts gef\u00fchrt.<\/li>\n<\/ul>\n<h2>10. Wie kann ich mich anmelden?<\/h2>\n<ul>\n<li>Zur Anmeldung besuchen Sie: YADIP<\/li>\n<\/ul>\n<p><\/p>","protected":false},"excerpt":{"rendered":"<p>YADIPAnmeldenF.A.Q. 1. Wer nimmt daran teil? YADIP ist f\u00fcr eingeschriebene Studierende (B.A., M.A. &amp; PHD) aller Fachbereiche zug\u00e4nglich 2. Welche Lehrformate werden angeboten? YADIP ist eine umfassende Kombination aus den Pr\u00e4senz- (On-site) und Fernkursen (Online) des G-I YADIP geht \u00fcber CTS hinaus: YADIP TeilnehmerInnen forschen aktiv an ausgew\u00e4hlten Projekten am G-I YADIP TeilnehmerInnen erlernen praktische\u00a0Drittmittelakquise [&hellip;]<\/p>\n","protected":false},"author":1421,"featured_media":5349,"parent":4895,"menu_order":0,"comment_status":"closed","ping_status":"closed","template":"","meta":{"_bbp_topic_count":0,"_bbp_reply_count":0,"_bbp_total_topic_count":0,"_bbp_total_reply_count":0,"_bbp_voice_count":0,"_bbp_anonymous_reply_count":0,"_bbp_topic_count_hidden":0,"_bbp_reply_count_hidden":0,"_bbp_forum_subforum_count":0,"footnotes":""},"coauthors":[800],"class_list":["post-5519","page","type-page","status-publish","has-post-thumbnail","hentry"],"_links":{"self":[{"href":"https:\/\/www.galtung-institut.de\/de\/wp-json\/wp\/v2\/pages\/5519","targetHints":{"allow":["GET"]}}],"collection":[{"href":"https:\/\/www.galtung-institut.de\/de\/wp-json\/wp\/v2\/pages"}],"about":[{"href":"https:\/\/www.galtung-institut.de\/de\/wp-json\/wp\/v2\/types\/page"}],"author":[{"embeddable":true,"href":"https:\/\/www.galtung-institut.de\/de\/wp-json\/wp\/v2\/users\/1421"}],"replies":[{"embeddable":true,"href":"https:\/\/www.galtung-institut.de\/de\/wp-json\/wp\/v2\/comments?post=5519"}],"version-history":[{"count":17,"href":"https:\/\/www.galtung-institut.de\/de\/wp-json\/wp\/v2\/pages\/5519\/revisions"}],"predecessor-version":[{"id":7666,"href":"https:\/\/www.galtung-institut.de\/de\/wp-json\/wp\/v2\/pages\/5519\/revisions\/7666"}],"up":[{"embeddable":true,"href":"https:\/\/www.galtung-institut.de\/de\/wp-json\/wp\/v2\/pages\/4895"}],"wp:featuredmedia":[{"embeddable":true,"href":"https:\/\/www.galtung-institut.de\/de\/wp-json\/wp\/v2\/media\/5349"}],"wp:attachment":[{"href":"https:\/\/www.galtung-institut.de\/de\/wp-json\/wp\/v2\/media?parent=5519"}],"wp:term":[{"taxonomy":"author","embeddable":true,"href":"https:\/\/www.galtung-institut.de\/de\/wp-json\/wp\/v2\/coauthors?post=5519"}],"curies":[{"name":"wp","href":"https:\/\/api.w.org\/{rel}","templated":true}]}}