{"id":4895,"date":"2016-04-18T16:26:32","date_gmt":"2016-04-18T14:26:32","guid":{"rendered":"https:\/\/www.galtung-institut.de\/?page_id=4895"},"modified":"2017-03-03T21:28:57","modified_gmt":"2017-03-03T20:28:57","slug":"young-academics-yadip","status":"publish","type":"page","link":"https:\/\/www.galtung-institut.de\/de\/training\/onsite\/young-academics-yadip\/","title":{"rendered":"Young Academics for Diplomacy &#038; International Peacebuilding (YADIP)"},"content":{"rendered":"<p><\/p>\n<div id=\"submenu\"><a href=\"https:\/\/www.galtung-institut.de\/training\/young-academics-yadip\/\">YADIP<\/a><a href=\"https:\/\/www.galtung-institut.de\/training\/apply\/\">Anmelden<\/a><a href=\"https:\/\/www.galtung-institut.de\/training\/young-academics-yadip\/f-a-q\/\">F.A.Q.<\/a><\/div>\n<ul>\n<li>Warum erst zehn Jahre bei der UN Arbeiten, bevor man fortgeschrittene Analyse- und Beratungskompetenzen f\u00fcr internationale Berufe (Entwicklungszusammenarbeit oder Diplomatie) erlangt?<\/li>\n<\/ul>\n<p>&nbsp;<\/p>\n<p><span style=\"text-decoration: underline;\"><strong>Wof\u00fcr steht YADIP?<\/strong><\/span><\/p>\n<ul>\n<li><strong>YADIP<\/strong> steht f\u00fcr <em>\u201eYoung Academics for Diplomacy and International Peacebuilding\u201c<\/em> und ist das <strong>Nachwuchsf\u00f6rderungsprogramm des Galtung-Instituts<\/strong> f\u00fcr Friedenstheorie und Friedenspraxis (G-I). Ziel von <strong>YADIP<\/strong> ist es, wissenschaftliche Einsichten \u00fcber den l\u00f6sungsorientierten Umgang mit Konflikten zu demokratisieren und breiten Schichten zur Verf\u00fcgung zu stellen.<\/li>\n<\/ul>\n<p>&nbsp;<\/p>\n<p><a href=\"https:\/\/www.galtung-institut.de\/wp-content\/uploads\/2016\/04\/2017-SICA-SICT-complete-overview.jpg\"><img loading=\"lazy\" decoding=\"async\" class=\"alignleft wp-image-6530\" src=\"https:\/\/www.galtung-institut.de\/wp-content\/uploads\/2016\/04\/2017-SICA-SICT-complete-overview-300x211.jpg\" width=\"282\" height=\"192\" \/><\/a><\/p>\n<ul>\n<li><strong>YADIP<\/strong> richtet sich an Studierende und wird im Rahmen der <strong>Nachwuchsf\u00f6rderungsarbeit<\/strong> des Galtung-Instituts realisiert. Es beinhaltet das Conflict-Transformation-Specialist Programme (CTS) des G-I\u00a0welches: (a) Online und (b) berufsqualifizierende Pr\u00e4senzkurse (On-site) beinhaltet. Dieses wird mit Zertifikaten f\u00fcr professionelle Konfliktanalyse (<strong>SICA<\/strong> \u2013 Solution-Indicative Conflict Analyst) und trauma-sensible Mediation (<strong>CTS<\/strong> &#8211; Conflict Transformation Specialist) abgeschlossen und ist damit eine Voraussetzung f\u00fcr das<br \/>\nerfolgreichen Bestehen\u00a0f\u00fcr YADIP.<\/li>\n<li>Klicken Sie auf das Schaubild f\u00fcr das aktuelle CTS-Nachwuchsf\u00f6rderungsprogramm 2017<\/li>\n<\/ul>\n<p>&nbsp;<\/p>\n<h3 style=\"text-align: center;\">Klicken Sie auf die Schaubilder f\u00fcr das CTS-Nachwuchsf\u00f6rderungsprogramm 2018<\/h3>\n<p style=\"padding-left: 180px;\"><a href=\"https:\/\/www.galtung-institut.de\/wp-content\/uploads\/2016\/04\/2018a2-SICA-SICT-complete-overview.jpg\"><img loading=\"lazy\" decoding=\"async\" class=\"alignnone wp-image-6531\" src=\"https:\/\/www.galtung-institut.de\/wp-content\/uploads\/2016\/04\/2018a2-SICA-SICT-complete-overview.jpg\" width=\"278\" height=\"194\" \/><\/a> \u00a0 \u00a0\u00a0<a href=\"https:\/\/www.galtung-institut.de\/wp-content\/uploads\/2016\/04\/2018b2-SICA-SICT-complete-overview.jpg\"><img loading=\"lazy\" decoding=\"async\" class=\"alignnone wp-image-6533\" src=\"https:\/\/www.galtung-institut.de\/wp-content\/uploads\/2016\/04\/2018b2-SICA-SICT-complete-overview.jpg\" width=\"276\" height=\"192\" \/><\/a><\/p>\n<h2><\/h2>\n<p><strong><span style=\"text-decoration: underline;\">Anwendungs- und Berufsorientierung f\u00fcr V\u00f6lkerverst\u00e4ndigung und Friedenspraxis<\/span><\/strong><\/p>\n<ul>\n<li>Studierende der internationalen Beziehungen und international ausgerichteter F\u00e4cher haben oftmals einen unsicheren und f\u00fcr die Praxis unvorbereiteten Einstieg in ihre international ausgerichteten Berufe. Beim Berufseinstieg wird der Unterschied zu erfahrenen Mitarbeiter*innen oftmals darin sichtbar, dass Anf\u00e4nger*innen nicht \u00fcber belastbare Erfahrungen verf\u00fcgen und sich selten in der Lage sehen, praktikable L\u00f6sungsvorschl\u00e4ge zur Problembearbeitung vorzuschlagen. Mit YADIP erm\u00f6glicht das G-I Studierenden durch die Ausbildung zum &#8222;Conflict Transformation Specialist&#8220;, diesem Defizit systematisch entgegenzuwirken: Erh\u00f6hen Sie Ihre Berufschancen und steigen Sie vorbereitet und kompetent in ihr Berufsfeld ein.<\/li>\n<\/ul>\n<p><strong><span style=\"text-decoration: underline;\">In aller K\u00fcrze:<\/span><\/strong><\/p>\n<p>Die Nachwuchsf\u00f6rderungskurse am G-I sind als Vorbereitung auf die berufliche T\u00e4tigkeit in internationalen Berufen &#8211; die besonders auf Friedens-, Entwicklungszusammenarbeit und Diplomatie abzielen &#8211; konzipiert. Durch die in CTS integrierten Simulationen erlernen und praktizieren Studierende fortgeschrittene Beratungs- und Mediationstechniken.<\/p>\n<p><a href=\"https:\/\/www.galtung-institut.de\/wp-content\/uploads\/2016\/04\/2017_CTS-Dossier_Nachwuchsf\u00f6rderung.pdf\"><img loading=\"lazy\" decoding=\"async\" class=\"wp-image-6521 alignright\" src=\"https:\/\/www.galtung-institut.de\/wp-content\/uploads\/2016\/04\/Homepage_Titel_CTS_YADIP-247x300.jpg\" width=\"182\" height=\"207\" \/><\/a><\/p>\n<ul>\n<li>In einer Kombination aus Online- und On-site Kursen f\u00fchren Teilnehmer*innen individuell und in Gruppenarbeit \u00dcbungen zu diversen Arten von Konfliktkonstellationen durch. Dabei werden individuelle Kenntnisse und F\u00e4higkeiten ber\u00fccksichtigt und die Teilnehmer*innen auf F\u00fchrungsaufgaben in internationalen Teams ausgerichtet.<\/li>\n<li>Im Rahmen des neun bis zw\u00f6lfw\u00f6chigen Nachwuchsprogramms am Galtung-Institut k\u00f6nnen Teilnehmer*innen auch nach der Ausbildung am G-I das Gelernte durch Mitwirkung an einer Auswahl der laufenden Forschungsprojekte mehrere Monate lang anwenden.<\/li>\n<li>Das CTS Zertifikat basiert auf dem von Prof. Johan Galtung f\u00fcr die Vereinten Nationen entwickelten Trainingsprogramm \u201eConflict Transformation by Peaceful Means&#8220; und macht es Studierenden m\u00f6glich, praxisorientiert und studienbegleitend Techniken und Skills der sozialwissenschaftlichen Friedenspraxis, wie sie bisher ausschlie\u00dflich internationalen Experten zug\u00e4nglich waren, zu erwerben.<\/li>\n<\/ul>\n<p>&nbsp;<\/p>\n<p style=\"padding-left: 180px;\">\n<p><\/p>","protected":false},"excerpt":{"rendered":"<p>YADIPAnmeldenF.A.Q. Warum erst zehn Jahre bei der UN Arbeiten, bevor man fortgeschrittene Analyse- und Beratungskompetenzen f\u00fcr internationale Berufe (Entwicklungszusammenarbeit oder Diplomatie) erlangt? &nbsp; Wof\u00fcr steht YADIP? YADIP steht f\u00fcr \u201eYoung Academics for Diplomacy and International Peacebuilding\u201c und ist das Nachwuchsf\u00f6rderungsprogramm des Galtung-Instituts f\u00fcr Friedenstheorie und Friedenspraxis (G-I). Ziel von YADIP ist es, wissenschaftliche Einsichten \u00fcber [&hellip;]<\/p>\n","protected":false},"author":2,"featured_media":5349,"parent":279,"menu_order":0,"comment_status":"closed","ping_status":"closed","template":"","meta":{"_bbp_topic_count":0,"_bbp_reply_count":0,"_bbp_total_topic_count":0,"_bbp_total_reply_count":0,"_bbp_voice_count":0,"_bbp_anonymous_reply_count":0,"_bbp_topic_count_hidden":0,"_bbp_reply_count_hidden":0,"_bbp_forum_subforum_count":0,"footnotes":""},"coauthors":[],"class_list":["post-4895","page","type-page","status-publish","has-post-thumbnail","hentry"],"_links":{"self":[{"href":"https:\/\/www.galtung-institut.de\/de\/wp-json\/wp\/v2\/pages\/4895","targetHints":{"allow":["GET"]}}],"collection":[{"href":"https:\/\/www.galtung-institut.de\/de\/wp-json\/wp\/v2\/pages"}],"about":[{"href":"https:\/\/www.galtung-institut.de\/de\/wp-json\/wp\/v2\/types\/page"}],"author":[{"embeddable":true,"href":"https:\/\/www.galtung-institut.de\/de\/wp-json\/wp\/v2\/users\/2"}],"replies":[{"embeddable":true,"href":"https:\/\/www.galtung-institut.de\/de\/wp-json\/wp\/v2\/comments?post=4895"}],"version-history":[{"count":39,"href":"https:\/\/www.galtung-institut.de\/de\/wp-json\/wp\/v2\/pages\/4895\/revisions"}],"predecessor-version":[{"id":6548,"href":"https:\/\/www.galtung-institut.de\/de\/wp-json\/wp\/v2\/pages\/4895\/revisions\/6548"}],"up":[{"embeddable":true,"href":"https:\/\/www.galtung-institut.de\/de\/wp-json\/wp\/v2\/pages\/279"}],"wp:featuredmedia":[{"embeddable":true,"href":"https:\/\/www.galtung-institut.de\/de\/wp-json\/wp\/v2\/media\/5349"}],"wp:attachment":[{"href":"https:\/\/www.galtung-institut.de\/de\/wp-json\/wp\/v2\/media?parent=4895"}],"wp:term":[{"taxonomy":"author","embeddable":true,"href":"https:\/\/www.galtung-institut.de\/de\/wp-json\/wp\/v2\/coauthors?post=4895"}],"curies":[{"name":"wp","href":"https:\/\/api.w.org\/{rel}","templated":true}]}}