{"id":4549,"date":"2016-02-20T15:52:28","date_gmt":"2016-02-20T14:52:28","guid":{"rendered":"https:\/\/www.galtung-institut.de\/?page_id=4549"},"modified":"2016-02-22T10:35:09","modified_gmt":"2016-02-22T09:35:09","slug":"sydney-university","status":"publish","type":"page","link":"https:\/\/www.galtung-institut.de\/de\/training\/sydney-university\/","title":{"rendered":"Sydney University"},"content":{"rendered":"<p><span lang=\"de\">Die wissenschaftliche Lehre des Galtung-Instituts findet auch in Partnerschaft mit dem <a href=\"https:\/\/sydney.edu.au\/arts\/peace_conflict\/teach\/units_of_study.shtml\" target=\"_blank\">Centre for Peace and Conflict Studies der Universit\u00e4t Sydney<\/a> statt.<\/span><\/p>\n<p>In seinem an der Universit\u00e4t Sydney angebotenen <span lang=\"de\"><span lang=\"de\">Online-Seminar<\/span> <strong>PACS 6922 <\/strong><\/span><strong><span lang=\"de\">Peaceful Conflict Transformation ( <\/span><\/strong><span lang=\"de\"><span lang=\"de\"><strong>Friedliche Konflikttransformation )<\/strong> unterrichtet<\/span> Prof. Johan Galtung L\u00f6sungsans\u00e4tze f\u00fcr geopolitische Konflikte aus sozialwissenschaftlicher Perspektive und bedient sich daf\u00fcr diszplin\u00fcbergreifender, epistemologischer wie theoretischer Methoden aus 60 Jahren ununterbrochener Forschung am Frieden. Entsprechend werden im Rahmen dieses Kurses Konfliktformationen<\/span><\/p>\n<p>(a) auf der Mikroebene innerhalb und zwischen Individuen;<br \/>\n(b) auf der Mesoebene\u00a0innerhalb der Gesellschaft;<br \/>\n(c) auf der Makroebene zwischen sowie in Staaten und Nationen; und<br \/>\n(d) auch Mega-Konflikte zwischen den Regionen und Kulturen<\/p>\n<p>unter den Gesichtspunkten von <strong>Gewaltpr\u00e4vention und L\u00f6sungsorientierung<\/strong> untersucht. Die Konzepte &amp; Instrumente der &#8222;ebenenneutralen Isomorphie&#8220;, der &#8222;Tiefenkultur&#8220; und der &#8222;Tiefenstruktur&#8220; spielen bei der l\u00f6sungsorientierten Konfliktanalyse Prof. Galtungs eine wichtige heuristische Rolle.Dieser Kurs ist f\u00fcr Praktikerinnen und Praktiker konzipiert und stattet die Teilnehmerinnen und Teilnehmer mit wichtigen Instrumenten f\u00fcr die Arbeit im internationalen professionellen Kontext aus.<\/p>\n<ul>\n<li>Dieser Kurs ist auch f\u00fcr Teilnehmerinnen &amp; Teilnehmer ge\u00f6ffnet, die nicht an der Universit\u00e4t Sydney eingeschrieben sind.<\/li>\n<li>Interessierte k\u00f6nnen sich per email anmelden: info@galtung-institut.de<\/li>\n<\/ul>\n<p>&nbsp;<\/p>\n<p>Wissenschaftliche Mitarbeiter Prof. Galtungs sind:<\/p>\n<p>Naakow Grant-Hayford &amp; Keil Eggers<\/p>","protected":false},"excerpt":{"rendered":"<p>Die wissenschaftliche Lehre des Galtung-Instituts findet auch in Partnerschaft mit dem Centre for Peace and Conflict Studies der Universit\u00e4t Sydney statt. In seinem an der Universit\u00e4t Sydney angebotenen Online-Seminar PACS 6922 Peaceful Conflict Transformation ( Friedliche Konflikttransformation ) unterrichtet Prof. Johan Galtung L\u00f6sungsans\u00e4tze f\u00fcr geopolitische Konflikte aus sozialwissenschaftlicher Perspektive und bedient sich daf\u00fcr diszplin\u00fcbergreifender, epistemologischer [&hellip;]<\/p>\n","protected":false},"author":1,"featured_media":0,"parent":8,"menu_order":0,"comment_status":"closed","ping_status":"closed","template":"","meta":{"_bbp_topic_count":0,"_bbp_reply_count":0,"_bbp_total_topic_count":0,"_bbp_total_reply_count":0,"_bbp_voice_count":0,"_bbp_anonymous_reply_count":0,"_bbp_topic_count_hidden":0,"_bbp_reply_count_hidden":0,"_bbp_forum_subforum_count":0,"footnotes":""},"coauthors":[],"class_list":["post-4549","page","type-page","status-publish","hentry"],"_links":{"self":[{"href":"https:\/\/www.galtung-institut.de\/de\/wp-json\/wp\/v2\/pages\/4549","targetHints":{"allow":["GET"]}}],"collection":[{"href":"https:\/\/www.galtung-institut.de\/de\/wp-json\/wp\/v2\/pages"}],"about":[{"href":"https:\/\/www.galtung-institut.de\/de\/wp-json\/wp\/v2\/types\/page"}],"author":[{"embeddable":true,"href":"https:\/\/www.galtung-institut.de\/de\/wp-json\/wp\/v2\/users\/1"}],"replies":[{"embeddable":true,"href":"https:\/\/www.galtung-institut.de\/de\/wp-json\/wp\/v2\/comments?post=4549"}],"version-history":[{"count":7,"href":"https:\/\/www.galtung-institut.de\/de\/wp-json\/wp\/v2\/pages\/4549\/revisions"}],"predecessor-version":[{"id":4579,"href":"https:\/\/www.galtung-institut.de\/de\/wp-json\/wp\/v2\/pages\/4549\/revisions\/4579"}],"up":[{"embeddable":true,"href":"https:\/\/www.galtung-institut.de\/de\/wp-json\/wp\/v2\/pages\/8"}],"wp:attachment":[{"href":"https:\/\/www.galtung-institut.de\/de\/wp-json\/wp\/v2\/media?parent=4549"}],"wp:term":[{"taxonomy":"author","embeddable":true,"href":"https:\/\/www.galtung-institut.de\/de\/wp-json\/wp\/v2\/coauthors?post=4549"}],"curies":[{"name":"wp","href":"https:\/\/api.w.org\/{rel}","templated":true}]}}