{"id":3115,"date":"2014-06-28T17:08:03","date_gmt":"2014-06-28T15:08:03","guid":{"rendered":"https:\/\/www.galtung-institut.de\/?page_id=3115"},"modified":"2019-06-13T10:17:49","modified_gmt":"2019-06-13T08:17:49","slug":"hotels","status":"publish","type":"page","link":"https:\/\/www.galtung-institut.de\/de\/training\/onsite\/hotels\/","title":{"rendered":"Hotels"},"content":{"rendered":"<p><\/p>\n<div id=\"submenu\"><a href=\"https:\/\/www.galtung-institut.de\/training\/apply\/\">Anmeldung<\/a><a href=\"https:\/\/www.galtung-institut.de\/training\/onsite\/hotels\/\">Hotels<\/a><a href=\"https:\/\/www.galtung-institut.de\/training\/onsite\/accommodation\/\">Unterkunft<\/a><a href=\"https:\/\/www.galtung-institut.de\/training\/faculty\/\">Lehrk\u00f6rper<\/a><\/div>\n<p>Kursteilnehmer k\u00f6nnen in den folgenden vier Hotels in Grenzach-Wyhlen \u00fcbernachten &#8211; alle in Laufweite (5 bis 10 Minuten) zum Galtung-Institut.<\/p>\n<div style=\"float: right;\">[mg_easymap_add_points lat=&#8220;47.5529&#8243; long=&#8220;7.6595&#8243; title=&#8220;Hotel Adler&#8220;][mg_easymap_add_points lat=&#8220;47.5525724&#8243; long=&#8220;7.6614117&#8243; title=&#8220;Zum Ziel&#8220;][mg_easymap_add_points lat=&#8220;47.55314&#8243; long=&#8220;7.65907&#8243; title=&#8220;Hotel Villetta&#8220;][mg_easymap_add_points lat=&#8220;47.5533672&#8243; long=&#8220;7.6581631&#8243; title=&#8220;Hotel Eckert&#8220;][mg_easymap lat=&#8220;47.55129&#8243; long=&#8220;7.66585&#8243; title=&#8220;Galtung-Institut&#8220; desc=&#8220;Markgrafenstra\u00dfe 42a, 79639 Grenzach-Wyhlen&#8220; zoom=&#8220;15&#8243; clat=&#8220;47.5525724&#8243; clong=&#8220;7.6614117&#8243;]<\/div>\n<div style=\"float: right;\"><\/div>\n<div style=\"float: right;\"><\/div>\n<ul>\n<li><strong><a href=\"http:\/\/www.hotel-china-restaurant.de\/frontend\/index.php?kategorie=127\">Hotel Adler: <\/a><\/strong>Basler Str 17<br \/>\nPhone +49-7624-5002<br \/>\nFax +49-7624-6519<\/li>\n<li><strong><a href=\"https:\/\/www.hotel-ziel.de\/\">Hotel Zum Ziel: <\/a><\/strong>Markgrafenstrasse 2<br \/>\nTel: +49-7624-9835390<br \/>\nFax: +49-7624-98353939<\/li>\n<li><strong><a href=\"https:\/\/hotel-villetta.de\/\">Hotel Villetta:<\/a><\/strong> Basler Str 10<br \/>\nPhone +49-7624-2091701<br \/>\nFax +49-2093389-7624<\/li>\n<li><a href=\"https:\/\/www.eckert-grenzach.de\/\"><strong>Hotel Eckert:<\/strong><\/a> Basler Str 20<br \/>\nTel: +49-7624-91720<br \/>\nFax: +49-7624-2414<\/li>\n<\/ul>\n<p><\/p>","protected":false},"excerpt":{"rendered":"<p>AnmeldungHotelsUnterkunftLehrk\u00f6rper Kursteilnehmer k\u00f6nnen in den folgenden vier Hotels in Grenzach-Wyhlen \u00fcbernachten &#8211; alle in Laufweite (5 bis 10 Minuten) zum Galtung-Institut. [mg_easymap_add_points lat=&#8220;47.5529&#8243; long=&#8220;7.6595&#8243; title=&#8220;Hotel Adler&#8220;][mg_easymap_add_points lat=&#8220;47.5525724&#8243; long=&#8220;7.6614117&#8243; title=&#8220;Zum Ziel&#8220;][mg_easymap_add_points lat=&#8220;47.55314&#8243; long=&#8220;7.65907&#8243; title=&#8220;Hotel Villetta&#8220;][mg_easymap_add_points lat=&#8220;47.5533672&#8243; long=&#8220;7.6581631&#8243; title=&#8220;Hotel Eckert&#8220;][mg_easymap lat=&#8220;47.55129&#8243; long=&#8220;7.66585&#8243; title=&#8220;Galtung-Institut&#8220; desc=&#8220;Markgrafenstra\u00dfe 42a, 79639 Grenzach-Wyhlen&#8220; zoom=&#8220;15&#8243; clat=&#8220;47.5525724&#8243; clong=&#8220;7.6614117&#8243;] Hotel Adler: Basler Str 17 Phone +49-7624-5002 [&hellip;]<\/p>\n","protected":false},"author":1,"featured_media":0,"parent":279,"menu_order":30,"comment_status":"open","ping_status":"closed","template":"","meta":{"_bbp_topic_count":0,"_bbp_reply_count":0,"_bbp_total_topic_count":0,"_bbp_total_reply_count":0,"_bbp_voice_count":0,"_bbp_anonymous_reply_count":0,"_bbp_topic_count_hidden":0,"_bbp_reply_count_hidden":0,"_bbp_forum_subforum_count":0,"footnotes":""},"coauthors":[802],"class_list":["post-3115","page","type-page","status-publish","hentry"],"_links":{"self":[{"href":"https:\/\/www.galtung-institut.de\/de\/wp-json\/wp\/v2\/pages\/3115","targetHints":{"allow":["GET"]}}],"collection":[{"href":"https:\/\/www.galtung-institut.de\/de\/wp-json\/wp\/v2\/pages"}],"about":[{"href":"https:\/\/www.galtung-institut.de\/de\/wp-json\/wp\/v2\/types\/page"}],"author":[{"embeddable":true,"href":"https:\/\/www.galtung-institut.de\/de\/wp-json\/wp\/v2\/users\/1"}],"replies":[{"embeddable":true,"href":"https:\/\/www.galtung-institut.de\/de\/wp-json\/wp\/v2\/comments?post=3115"}],"version-history":[{"count":24,"href":"https:\/\/www.galtung-institut.de\/de\/wp-json\/wp\/v2\/pages\/3115\/revisions"}],"predecessor-version":[{"id":7707,"href":"https:\/\/www.galtung-institut.de\/de\/wp-json\/wp\/v2\/pages\/3115\/revisions\/7707"}],"up":[{"embeddable":true,"href":"https:\/\/www.galtung-institut.de\/de\/wp-json\/wp\/v2\/pages\/279"}],"wp:attachment":[{"href":"https:\/\/www.galtung-institut.de\/de\/wp-json\/wp\/v2\/media?parent=3115"}],"wp:term":[{"taxonomy":"author","embeddable":true,"href":"https:\/\/www.galtung-institut.de\/de\/wp-json\/wp\/v2\/coauthors?post=3115"}],"curies":[{"name":"wp","href":"https:\/\/api.w.org\/{rel}","templated":true}]}}