{"id":2671,"date":"2013-08-18T20:08:50","date_gmt":"2013-08-18T18:08:50","guid":{"rendered":"http:\/\/www.galtung-institut.de\/?page_id=2671"},"modified":"2023-08-09T12:05:13","modified_gmt":"2023-08-09T10:05:13","slug":"donate","status":"publish","type":"page","link":"https:\/\/www.galtung-institut.de\/de\/donate\/","title":{"rendered":"Spenden"},"content":{"rendered":"<p><\/p>\n<h2>F\u00f6rdern Sie die Arbeit des Galtung-Instituts mit einer Spende<\/h2>\n<ul>\n<li>Frieden mit friedlichen Mitteln<\/li>\n<li>Si vis pacem para pacem<\/li>\n<\/ul>\n<p>Die Welt ist auf allen Ebenen von Konflikten gepr\u00e4gt, die wir uns nicht aussuchen \u2013 denen wir jedoch mit entsprechenden Konfliktbearbeitungskompetenzen nachhaltig entgegenwirken k\u00f6nnen, ehe sie uns in Form von t\u00f6dlichen Anschl\u00e4gen in Beirut, London, Paris, Br\u00fcssel, Nizza oder anderen &#8222;friedlichen&#8220; Gebieten heimsuchen.<\/p>\n<ul>\n<li><strong>Die schlechte Nachricht<\/strong>: Noch immer werden diese Kompetenzen nicht an zuk\u00fcnftige Entscheidungstr\u00e4ger*innen in Schulen und im Studium weitergegeben.<\/li>\n<li><strong>Die gute Nachricht: <\/strong>Das Wissen, um Konflikte noch <strong>vor<\/strong> der Eskalation friedlich zu transformieren, ist vorhanden und das Galtung-Institut vermittelt dieses<a href=\"https:\/\/www.galtung-institut.de\/de\/training\/onsite\/\"> systematisch<\/a>.<\/li>\n<\/ul>\n<p>Das <strong>Galtung-Institut f\u00fcr Friedenstheorie und Friedenspraxis (G-I)<\/strong> ist gem\u00e4\u00df <strong><a href=\"https:\/\/www.gesetze-im-internet.de\/ao_1977\/__52.html\">\u00a7 52 Abs. 2 Satz 1 Nr. 1 AO <\/a><\/strong>ein &#8211; im Sinne <strong><a href=\"http:\/\/www.un.org\/en\/sections\/un-charter\/chapter-vi\/index.html\">Art.33 Abs. 1 der UN Charta<\/a><\/strong> &#8211; ausdr\u00fccklich zu Zwecken der \u201c<em>Wissenschaft, Forschung und Lehre der Soziologie und der Praxeologie des Friedens<\/em>\u201d ins Leben gerufener, eingetragener gemeinn\u00fctziger Verein in Baden-W\u00fcrttemberg (L\u00f6rrach\/D). <strong><a href=\"https:\/\/www.galtung-institut.de\/wp-content\/uploads\/2014\/08\/Satzung_des_Galtung-Instituts.pdf\">Satzungsgem\u00e4\u00dfe<\/a><\/strong> Aufgabe des G-I ist es, sich der <strong>gewaltfreien Konfliktbearbeitung<\/strong> zu widmen. Als Partner\u00a0des internationalen Konfliktexpert*innen-Netzwerks <em>TRANSCEND International<\/em> (522 Mitglieder in 80 Staaten) bedient sich das G-I zu diesem Zweck einer weltweiten Vernetzung von Kompetenzen im Bereich der soziologischen Erforschung der Friedensarbeit.<\/p>\n<p><strong>Das schaffen wir jedoch nur mit Ihrer Hilfe!<\/strong><\/p>\n\n<div id=\"donationform\">\n\n<!-- Start of Form -->\n<form target=\"paypal\" action=\"https:\/\/www.paypal.com\/cgi-bin\/webscr\" method=\"post\">\n<input type=\"hidden\" name=\"cmd\" value=\"_xclick-subscriptions\">\n<!-- <input type=\"hidden\" name=\"redirect_cmd\" value=\"_xclick-subscriptions\"> -->\n<input type=\"hidden\" name=\"business\" value=\"paypal@galtung-institut.de\">\n<input type=\"hidden\" name=\"item_name\" value=\"Galtung-Institut Spende\">\n<input type=\"hidden\" name=\"item_number\" value=\"GI-DONATION\">\n<input type=\"hidden\" name=\"no_note\" value=\"1\">\n<!-- no_shipping value 2 needed to send the free gift -->\n<input type=\"hidden\" name=\"no_shipping\" value=\"2\">\n<input type=\"hidden\" name=\"tax\" value=\"0\">\n<input type=\"hidden\" name=\"lc\" value=\"<?php print $lc; ?>\">\n<input type=\"hidden\" name=\"currency_code\" value=\"EUR\">\n<input type=\"hidden\" name=\"return\" value=\"https:\/\/www.galtung-institut.de\/donate\/success\/\">\n<input type=\"hidden\" name=\"cancel_return\" value=\"https:\/\/www.galtung-institut.de\/donate\/cancel\/\">\n\n<table>\n\n<tr>\n  <td>Wie viel m\u00f6chten Sie spenden?<\/td>\n  <td class=\"right\">\n    <!-- a3, Required, Regular Subscription Price -->\n    <input type=\"button\" value=\"&#11015;\" id=\"donate_minus\" onclick=\"decrease('#a3')\" \/>\n    <input type=\"text\" name=\"a3\" id=\"a3\" size=\"6\" maxlength=\"6\" value=\"50\">&euro;\n    <input type=\"button\" value=\"&#11014;\" id=\"donate_plus\" onclick=\"increase('#a3')\" \/>\n  <\/td>\n<\/tr>\n\n<tr>\n  <td>Wie h\u00e4ufig m\u00f6chten Sie spenden?<\/td>\n  <td class=\"right\">\n    <!-- src, Optional, Recurring Payments, 0 no recur, 1 payments recur -->\n    <!-- <input type=\"hidden\" name=\"src\" value=\"1\"> -->\n    <p><input type=\"radio\" name=\"src\" value=\"0\" id=\"src_once\" checked \/>\n      Einmalig\n    <p><input type=\"radio\" name=\"src\" value=\"1\" id=\"src_reg\" \/>\n      Jede\/n\n    <!-- p3, Required, Duration based on the value of t3 -->\n    <select name=\"p3\">\n    <option value=\"1\">1<\/option>\n    <option value=\"2\">2<\/option>\n    <option value=\"4\">4<\/option>\n    <option value=\"6\">6<\/option>\n    <option value=\"12\">12<\/option>\n    <option value=\"15\">15<\/option>\n    <option value=\"30\">30<\/option>\n    <\/select>\n    <!-- t3, Required, Subscription Units D W M Y, -->\n    <select name=\"t3\">\n    <option value=\"D\">Tag(e)<\/option>\n    <option value=\"W\">Woche(n)<\/option>\n    <option value=\"M\" selected>Monat(e)<\/option>\n    <option value=\"Y\">Jahr(e)<\/option>\n    <\/select><\/p>\n    <p style=\"font-size:16px;\">(Sie k\u00f6nnen den Auftrag jederzeit beenden.)<\/p>\n    <!-- srt, Optional, Recurring Times, must be used with src -->\n    <input type=\"hidden\" name=\"srt\" value=\"\">\n  <\/td>\n<\/tr>\n\n<!-- sra, Optional, Reattempt on failure 2 more time, value 0 or 1, if 0 no reattempt -->\n<input type=\"hidden\" name=\"sra\" value=\"1\">\n\n<tr>\n  <td colspan=\"2\" align=\"center\">\n    <input type=\"hidden\" name=\"bn\" value=\"PP-SubscriptionsBF:btn_donateCC_LG.gif:NonHosted\">\n    <input type=\"image\" src=\"https:\/\/www.paypal.com\/de_DE\/i\/btn\/btn_donateCC_LG.gif\" border=\"0\" name=\"submit\" alt=\"PayPal - The safer, easier way to pay online!\" onclick=\"checkdonate()\">\n    <img loading=\"lazy\" decoding=\"async\" alt=\"\" border=\"0\" src=\"https:\/\/www.paypal.com\/de_DE\/i\/scr\/pixel.gif\" width=\"1\" height=\"1\">\n    <br \/>\n    <br \/>\n    Vielen Dank f\u00fcr Ihre Unterst\u00fctzung!\n  <\/td>\n<\/tr>\n<\/table>\n<\/form>\n<!-- End of Form -->\n<\/div>\n\n<p>Das Galtung-Institut f\u00fcr Friedenstheorie und Friedenspraxis arbeitet seit unserer Gr\u00fcndung im Mai 2011\u00a0daran, das im Auftrag der Vereinten Nationen entwickelte Trainingsprogramm (Conflict Transformation by Peaceful Means) von Prof. Dr. Dr. mult. Johan Galtung f\u00fcr Eins\u00e4tze von Diplomaten und Konfliktfachkr\u00e4ften in Krisen- und Konfliktzonen, breiten Schichten zur Verf\u00fcgung zu stellen und diese in der l\u00f6sungsorientierten Konfliktbearbeitung weiterzubilden. Diese Aufgabe verbindet zeitintensive Recherchearbeiten, wie auch administrative H\u00f6chstleistungen, welche oftmals aufgrund von finanziellen H\u00fcrden kaum zu bew\u00e4ltigen sind. Um unsere Arbeit weiterhin auf einem hohen Niveau fortf\u00fchren, wie auch einer breiten Schicht zur Verf\u00fcgung stellen zu k\u00f6nnen, <strong>ben\u00f6tigen wir Ihre Unterst\u00fctzung!<\/strong><\/p>","protected":false},"excerpt":{"rendered":"<p>F\u00f6rdern Sie die Arbeit des Galtung-Instituts mit einer Spende Frieden mit friedlichen Mitteln Si vis pacem para pacem Die Welt ist auf allen Ebenen von Konflikten gepr\u00e4gt, die wir uns nicht aussuchen \u2013 denen wir jedoch mit entsprechenden Konfliktbearbeitungskompetenzen nachhaltig entgegenwirken k\u00f6nnen, ehe sie uns in Form von t\u00f6dlichen Anschl\u00e4gen in Beirut, London, Paris, Br\u00fcssel, [&hellip;]<\/p>\n","protected":false},"author":1421,"featured_media":4372,"parent":0,"menu_order":70,"comment_status":"open","ping_status":"closed","template":"","meta":{"_bbp_topic_count":0,"_bbp_reply_count":0,"_bbp_total_topic_count":0,"_bbp_total_reply_count":0,"_bbp_voice_count":0,"_bbp_anonymous_reply_count":0,"_bbp_topic_count_hidden":0,"_bbp_reply_count_hidden":0,"_bbp_forum_subforum_count":0,"footnotes":""},"coauthors":[800],"class_list":["post-2671","page","type-page","status-publish","has-post-thumbnail","hentry"],"_links":{"self":[{"href":"https:\/\/www.galtung-institut.de\/de\/wp-json\/wp\/v2\/pages\/2671","targetHints":{"allow":["GET"]}}],"collection":[{"href":"https:\/\/www.galtung-institut.de\/de\/wp-json\/wp\/v2\/pages"}],"about":[{"href":"https:\/\/www.galtung-institut.de\/de\/wp-json\/wp\/v2\/types\/page"}],"author":[{"embeddable":true,"href":"https:\/\/www.galtung-institut.de\/de\/wp-json\/wp\/v2\/users\/1421"}],"replies":[{"embeddable":true,"href":"https:\/\/www.galtung-institut.de\/de\/wp-json\/wp\/v2\/comments?post=2671"}],"version-history":[{"count":33,"href":"https:\/\/www.galtung-institut.de\/de\/wp-json\/wp\/v2\/pages\/2671\/revisions"}],"predecessor-version":[{"id":8211,"href":"https:\/\/www.galtung-institut.de\/de\/wp-json\/wp\/v2\/pages\/2671\/revisions\/8211"}],"wp:featuredmedia":[{"embeddable":true,"href":"https:\/\/www.galtung-institut.de\/de\/wp-json\/wp\/v2\/media\/4372"}],"wp:attachment":[{"href":"https:\/\/www.galtung-institut.de\/de\/wp-json\/wp\/v2\/media?parent=2671"}],"wp:term":[{"taxonomy":"author","embeddable":true,"href":"https:\/\/www.galtung-institut.de\/de\/wp-json\/wp\/v2\/coauthors?post=2671"}],"curies":[{"name":"wp","href":"https:\/\/api.w.org\/{rel}","templated":true}]}}