{"id":194,"date":"2011-10-15T19:41:38","date_gmt":"2011-10-15T17:41:38","guid":{"rendered":"http:\/\/johangaltung.de\/wp\/?page_id=194"},"modified":"2019-07-15T21:58:38","modified_gmt":"2019-07-15T19:58:38","slug":"mediation-services","status":"publish","type":"page","link":"https:\/\/www.galtung-institut.de\/de\/mediation-services\/","title":{"rendered":"Beratung"},"content":{"rendered":"<p><\/p>\n<h2>Gewusst wie: Konflikte in Familien &amp; Beziehungen kompetent l\u00f6sen<\/h2>\n<p>\u201eJede Familie&#8220;, so will es ein gefl\u00fcgeltes Wort, ist \u201eeine kleine, eigene Naturkatastrophe&#8220;. Man denkt hierbei vielleicht an die eigene Adoleszenz und an Konflikte mit Gro\u00dfeltern, Eltern, Stiefeltern oder Erziehungsberechtigten. Oder steht gar eine Trennung bzw. eine Scheidung &#8211; die eigene oder die der Eltern \u2013 ins Haus? Es fehlt Ihnen oder einem Verwandten an Anerkennung? Ihre Bed\u00fcrfnisse werden nicht geb\u00fchrend ber\u00fccksichtigt, Sie haben erkannt wie ein Familienmitglied oder Verwandter, vielleicht gar Sie selbst, stets \u00fcbersehen wird und darunter leidet? Die Kommunikation in der Familie ist unausgeglichen, Verteilungs- oder gar Erbschaftsfragen werden unfair oder ungerecht gehandhabt und Verhaltensweisen werden zunehmend als provokativ oder belastend empfunden? Sie suchen einen Ausweg? Melden Sie sich beim Galtung-Institut unter: <a href=\"mailto:info@galtung-institut.de\">info@galtung-institut.de<\/a><\/p>\n<h2>Wenn Konflikte zur Belastung werden<\/h2>\n<p>Konflikte, auch bekannt als \u201edicke Luft&#8220;, sind uns allen gel\u00e4ufig; selbst die \u201ebesten Familien&#8220; sind nicht vor Un\u00fcberbr\u00fcckbarkeiten mit Eltern, Geschwistern, anderen Verwandten oder Lebensabschnittsgef\u00e4hrten gefeit. Besonders problematisch wird es, wenn diese psychisch belastend werden und den Alltag tiefgreifend behindern. Aber muss es \u00fcberhaupt soweit kommen? Melden Sie sich.<\/p>\n<h2><\/h2>\n<h2>Fr\u00fchzeitig melden hilft !<\/h2>\n<p>Das Familienmediationsangebot des Galtung-Institutes ist ein vor- und au\u00dfergerichtliches Konfliktberatungs- und ggf. Konfliktbearbeitungsangebot, das sich an Betroffene wendet, die sich bitte m\u00f6glichst vor Trennungs- und Scheidungssituationen melden sollten.<\/p>\n<p>Derartige Zuspitzungen schaukeln sich bekanntlich auf; und so unselbstverst\u00e4ndlich das klingen mag: Vers\u00f6hnungsarbeit ist vor allem pr\u00e4ventiv erfolgsversprechend. Nachher ist man zwar immer schlauer, aber dann ist es oft auch viel schwieriger, die Scherben wieder zusammenzuf\u00fcgen.<\/p>\n<blockquote>\n<h3><\/h3>\n<h3><em>Es geht letztlich darum, Ihre eigenen Bem\u00fchungen systematisch zu unterst\u00fczten<\/em><\/h3>\n<\/blockquote>\n<p>&nbsp;<\/p>\n<p>Letztlich geht es bei der Konfliktberatung und Konfliktbearbeitung des G-I stets darum, Ihre eigenen Bem\u00fchungen um Streitschlichtung systematisch zu unterst\u00fctzen, wenn es Ihnen wichtig ist, scharfe und unangenehme Widerspr\u00fcche in ihrem Familienleben zu harmonisieren und im Idealfall zu \u00fcberwinden. Sie k\u00f6nnen uns bei dieser Arbeit besonders behilflich sein, indem Sie sich fr\u00fchzeitig bei uns melden und nicht erst dann, wenn Sie bereits am zwischenmenschlichen Zerw\u00fcrfnis verzweifeln.<\/p>\n<h2><\/h2>\n<h2>Kreative, konstruktive und konkrete L\u00f6sungsans\u00e4tze erarbeiten<\/h2>\n<p>\u201ejeder Konflikt, ganz gleich wie komplex er auch sein mag, ein Recht darauf gel\u00f6st zu werden\u201c<\/p>\n<p>Wir helfen Ihnen, im Rahmen eines allparteiischen Dialogs dabei nach den Ursachen Ihres Unwohlseins zu suchen, um kreative, konstruktive und vor allem konkrete L\u00f6sungsans\u00e4tze und Ver\u00e4nderungen zu erarbeiten, denn schlie\u00dflich hat jeder Konflikt, ganz gleich wie komplex er auch sein mag, ein Recht darauf gel\u00f6st zu werden. In diesem Sinne; melden Sie sich bei: <a href=\"mailto:info@galtung-institut.de\">info@galtung-institut.de<\/a> mit dem Betreff: \u201eKonfliktberatung\u201c.<\/p>\n<p>Wir freuen uns darauf Sie im Auftrag des Galtung-Institutes pers\u00f6nlich, diskret und umsichtig beraten zu d\u00fcrfen,<\/p>\n<p>Leiter der Streitschlichtungsstelle: Naakow Grant-Hayford<\/p>\n<p>&nbsp;<\/p>\n<p>BItte senden Sie Ihre Anfrage an <a href=\"mailto:info@galtung-institut.de\">info@galtung-institut.de<\/a>. Wir werden uns baldm\u00f6glichst bei Ihnen melden.<\/p>","protected":false},"excerpt":{"rendered":"<p>Gewusst wie: Konflikte in Familien &amp; Beziehungen kompetent l\u00f6sen \u201eJede Familie&#8220;, so will es ein gefl\u00fcgeltes Wort, ist \u201eeine kleine, eigene Naturkatastrophe&#8220;. Man denkt hierbei vielleicht an die eigene Adoleszenz und an Konflikte mit Gro\u00dfeltern, Eltern, Stiefeltern oder Erziehungsberechtigten. Oder steht gar eine Trennung bzw. eine Scheidung &#8211; die eigene oder die der Eltern \u2013 [&hellip;]<\/p>\n","protected":false},"author":1421,"featured_media":0,"parent":0,"menu_order":2,"comment_status":"open","ping_status":"closed","template":"","meta":{"_bbp_topic_count":0,"_bbp_reply_count":0,"_bbp_total_topic_count":0,"_bbp_total_reply_count":0,"_bbp_voice_count":0,"_bbp_anonymous_reply_count":0,"_bbp_topic_count_hidden":0,"_bbp_reply_count_hidden":0,"_bbp_forum_subforum_count":0,"footnotes":""},"coauthors":[800],"class_list":["post-194","page","type-page","status-publish","hentry"],"_links":{"self":[{"href":"https:\/\/www.galtung-institut.de\/de\/wp-json\/wp\/v2\/pages\/194","targetHints":{"allow":["GET"]}}],"collection":[{"href":"https:\/\/www.galtung-institut.de\/de\/wp-json\/wp\/v2\/pages"}],"about":[{"href":"https:\/\/www.galtung-institut.de\/de\/wp-json\/wp\/v2\/types\/page"}],"author":[{"embeddable":true,"href":"https:\/\/www.galtung-institut.de\/de\/wp-json\/wp\/v2\/users\/1421"}],"replies":[{"embeddable":true,"href":"https:\/\/www.galtung-institut.de\/de\/wp-json\/wp\/v2\/comments?post=194"}],"version-history":[{"count":23,"href":"https:\/\/www.galtung-institut.de\/de\/wp-json\/wp\/v2\/pages\/194\/revisions"}],"predecessor-version":[{"id":7758,"href":"https:\/\/www.galtung-institut.de\/de\/wp-json\/wp\/v2\/pages\/194\/revisions\/7758"}],"wp:attachment":[{"href":"https:\/\/www.galtung-institut.de\/de\/wp-json\/wp\/v2\/media?parent=194"}],"wp:term":[{"taxonomy":"author","embeddable":true,"href":"https:\/\/www.galtung-institut.de\/de\/wp-json\/wp\/v2\/coauthors?post=194"}],"curies":[{"name":"wp","href":"https:\/\/api.w.org\/{rel}","templated":true}]}}