{"id":18,"date":"2011-08-30T13:33:51","date_gmt":"2011-08-30T11:33:51","guid":{"rendered":"http:\/\/johangaltung.de\/wp\/?page_id=18"},"modified":"2017-10-06T08:59:47","modified_gmt":"2017-10-06T06:59:47","slug":"johan-galtung","status":"publish","type":"page","link":"https:\/\/www.galtung-institut.de\/de\/home\/johan-galtung\/","title":{"rendered":"Johan Galtung"},"content":{"rendered":"<p><\/p>\n<div id=\"submenu\" style=\"text-align: right;\"><a class=\"boxed\" title=\"Read Johan Galtungs Weekly Editorial on TMS.\" href=\"https:\/\/www.transcend.org\/tms\/category\/editorial\/\" target=\"_blank\">W\u00f6chentlicher Artikel<\/a><a class=\"boxed\" title=\"Explore Johan Galtungs work\" href=\"https:\/\/www.transcend.org\/galtung\/papers.php\" target=\"_blank\">Recherche<\/a><a class=\"boxed\" title=\"The worlds first online Peace university founded by Johan Galtung.\" href=\"https:\/\/www.transcend.org\/tpu\/enroll.php\" target=\"_blank\">Lehre<\/a><a class=\"boxed\" title=\"B\u00fccher von Johan Galtung online bestellen.\" href=\"https:\/\/www.transcend.org\/tup\/\">B\u00fccher<\/a><a class=\"boxed\" title=\"Watch videos with Johan Galtung.\" href=\"https:\/\/www.galtung-institut.de\/video\/\" target=\"_blank\">Video<\/a><a class=\"boxed\" title=\"Listen to Johan Galtung.\" href=\"https:\/\/www.galtung-institut.de\/audio\/\" target=\"_blank\">Audio<\/a><\/div>\n<p><script type=\"text\/javascript\">\/\/ <![CDATA[\njQuery(document).ready(function(){ if (jQuery(location).attr(\"hash\")==\"#Giessen_2011_-_Galtung.flv\") { window.setTimeout(\"jQuery('#tobeclicked').click();\", 500); } });\n\/\/ ]]><\/script><\/p>\n<p>Johan Galtung wurde im Jahr 1930 in Norwegen geboren und gilt als der Begr\u00fcnder der akademischen Disziplin der Friedensforschung. 1959 gr\u00fcndete er mit dem International Peace Research Institute in Oslo das erste Friedensforschungsinstitut Europas. Der promovierte Mathematiker und Soziologe lehrte an \u00fcber 30 Universit\u00e4ten weltweit, darunter auch Princeton sowie an zahlreichen Universit\u00e4ten im deutschsprachigen Raum.<\/p>\n<div align=\"center\"><iframe loading=\"lazy\" src=\"https:\/\/www.youtube-nocookie.com\/embed\/IrgUZHrr3V0?rel=0&amp;wmode=opaque\" width=\"480\" height=\"360\" frameborder=\"0\"><\/iframe><\/div>\n<p>Neben seinen langj\u00e4hrigen T\u00e4tigkeiten f\u00fcr verschiedene UNOrganisationen trat er, insbesondere durch die Ver\u00f6ffentlichung von weit \u00fcber 100 interdisziplin\u00e4ren B\u00fcchern und mehr als 1000 Artikeln, f\u00fcr die Verbreitung der Friedensforschung im akademischen und \u00f6ffentlichen Raum ein. Sein Schwerpunkt liegt hierbei auf den notwendigen und hinreichenden Bedingungen f\u00fcr Frieden.<\/p>\n<p>Johan Galtung arbeitet erfolgreich als international anerkannter Mediator und hat eine Methode zur Konflikttransformation entwickelt (TRANSCEND Methode), mit der er in den vergangenen 50 Jahren in \u00fcber 150 internationalen Konfliktsituationen als Konfliktberater vermittelt hat. Im Jahr 1992 gr\u00fcndete er TRANSCEND International, ein Netzwerk f\u00fcr Frieden, Entwicklung und Umwelt. TRANSCEND vernetzt Mediatoren, Journalisten, Akademiker sowie Praktiker anderer Disziplinen im Bereich der Friedensarbeit weltweit. Im deutschsprachigen Raum arbeiten das TRANSCEND Netzwerk sowie das Galtung-Institut systematisch mit Johan Galtungs Methoden und geben diese in zertifizierten Kursen weiter.<\/p>\n<p>F\u00fcr seinen unerm\u00fcdlichen Einsatz wurden Prof. Galtung im Laufe seines Schaffens neun Ehrendoktortitel verliehen. Er ist zudem der Tr\u00e4ger des Right Livelihood Awards 1987, der auch als alternativer Nobelpreis bezeichnet wird, des Gandhi Preises (1993), des norwegischen Brage-Literaturpreises (2001), des Koreanischen DMZ Friedenspreises (2010), des Abdul Ghaffer Khan Friedenspreises (2011) und weiterer internationaler Auszeichnungen. Er schreibt w\u00f6chentlich einen Leitartikel f\u00fcr den TRANSCEND Media Service TMS: https:\/\/www.transcend.org\/tms\/.<\/p>","protected":false},"excerpt":{"rendered":"<p>W\u00f6chentlicher ArtikelRechercheLehreB\u00fccherVideoAudio Johan Galtung wurde im Jahr 1930 in Norwegen geboren und gilt als der Begr\u00fcnder der akademischen Disziplin der Friedensforschung. 1959 gr\u00fcndete er mit dem International Peace Research Institute in Oslo das erste Friedensforschungsinstitut Europas. Der promovierte Mathematiker und Soziologe lehrte an \u00fcber 30 Universit\u00e4ten weltweit, darunter auch Princeton sowie an zahlreichen Universit\u00e4ten im [&hellip;]<\/p>\n","protected":false},"author":1,"featured_media":0,"parent":2656,"menu_order":20,"comment_status":"open","ping_status":"closed","template":"","meta":{"_bbp_topic_count":0,"_bbp_reply_count":0,"_bbp_total_topic_count":0,"_bbp_total_reply_count":0,"_bbp_voice_count":0,"_bbp_anonymous_reply_count":0,"_bbp_topic_count_hidden":0,"_bbp_reply_count_hidden":0,"_bbp_forum_subforum_count":0,"footnotes":""},"coauthors":[802],"class_list":["post-18","page","type-page","status-publish","hentry"],"_links":{"self":[{"href":"https:\/\/www.galtung-institut.de\/de\/wp-json\/wp\/v2\/pages\/18","targetHints":{"allow":["GET"]}}],"collection":[{"href":"https:\/\/www.galtung-institut.de\/de\/wp-json\/wp\/v2\/pages"}],"about":[{"href":"https:\/\/www.galtung-institut.de\/de\/wp-json\/wp\/v2\/types\/page"}],"author":[{"embeddable":true,"href":"https:\/\/www.galtung-institut.de\/de\/wp-json\/wp\/v2\/users\/1"}],"replies":[{"embeddable":true,"href":"https:\/\/www.galtung-institut.de\/de\/wp-json\/wp\/v2\/comments?post=18"}],"version-history":[{"count":43,"href":"https:\/\/www.galtung-institut.de\/de\/wp-json\/wp\/v2\/pages\/18\/revisions"}],"predecessor-version":[{"id":7265,"href":"https:\/\/www.galtung-institut.de\/de\/wp-json\/wp\/v2\/pages\/18\/revisions\/7265"}],"up":[{"embeddable":true,"href":"https:\/\/www.galtung-institut.de\/de\/wp-json\/wp\/v2\/pages\/2656"}],"wp:attachment":[{"href":"https:\/\/www.galtung-institut.de\/de\/wp-json\/wp\/v2\/media?parent=18"}],"wp:term":[{"taxonomy":"author","embeddable":true,"href":"https:\/\/www.galtung-institut.de\/de\/wp-json\/wp\/v2\/coauthors?post=18"}],"curies":[{"name":"wp","href":"https:\/\/api.w.org\/{rel}","templated":true}]}}