{"id":10,"date":"2011-08-30T13:16:42","date_gmt":"2011-08-30T11:16:42","guid":{"rendered":"http:\/\/johangaltung.de\/wp\/?page_id=10"},"modified":"2025-01-25T12:22:13","modified_gmt":"2025-01-25T11:22:13","slug":"contact","status":"publish","type":"page","link":"https:\/\/www.galtung-institut.de\/de\/contact\/","title":{"rendered":"Kontakt"},"content":{"rendered":"<p><img decoding=\"async\" src=\"https:\/\/www.galtung-institut.de\/img\/grenzach-wyhlen_in_europe.png\" alt=\"\" usemap=\"#map\" align=\"right\" \/> <strong><a href=\"mailto:info@galtung-institut.de\">info@galtung-institut.de<\/a><\/strong><\/p>\n<p><a style=\"font-size: 120; text-decoration: underline; font-weight: bold;\" href=\"tel:+4915253552101\"><strong>TELEFON: +49-15253552101<\/strong><\/a><\/p>\n<ul>\n<li>Nur 15 Minuten entfernt vom <strong><a title=\"\" href=\"https:\/\/www.euroairport.com\/\" target=\"\" rel=\"noopener\">International EuroAirport (Freiburg\/Basel\/Mulhouse).<\/a><\/strong> G\u00fcnstige Direkt-Fl\u00fcge von Berlin, Brussel, London, Paris oder Madrid f\u00fcr ca. 100 \u20ac.<\/li>\n<\/ul>\n<ul>\n<li>Gut zu erreichen per Zug aus ganz Europa. Zu Fu\u00df sind es 5-10 Minuten vom lokalen Bahnhof zu uns.<\/li>\n<\/ul>\n<p>&nbsp;<\/p>\n<h2>Impressum<\/h2>\n<p>Galtung-Institut<br \/>\nMarkgrafenstra\u00dfe 42a<br \/>\n79639 Grenzach-Wyhlen<\/p>\n<p>&nbsp;<\/p>\n<h2>Kontoangaben des G-I<\/h2>\n<p>Galtung-Institut f\u00fcr Friedenstheorie und Friedenspraxis<br \/>\nBank: Sparkasse L\u00f6rrach-Rheinfelden<br \/>\nIBAN: DE76683500480001088509<br \/>\nBIC (SWIFT): SKLODE66<\/p>","protected":false},"excerpt":{"rendered":"<p>info@galtung-institut.de TELEFON: +49-15253552101 Nur 15 Minuten entfernt vom International EuroAirport (Freiburg\/Basel\/Mulhouse). G\u00fcnstige Direkt-Fl\u00fcge von Berlin, Brussel, London, Paris oder Madrid f\u00fcr ca. 100 \u20ac. Gut zu erreichen per Zug aus ganz Europa. Zu Fu\u00df sind es 5-10 Minuten vom lokalen Bahnhof zu uns. &nbsp; Impressum Galtung-Institut Markgrafenstra\u00dfe 42a 79639 Grenzach-Wyhlen &nbsp; Kontoangaben des G-I Galtung-Institut [&hellip;]<\/p>\n","protected":false},"author":1,"featured_media":0,"parent":0,"menu_order":80,"comment_status":"open","ping_status":"closed","template":"","meta":{"_bbp_topic_count":0,"_bbp_reply_count":0,"_bbp_total_topic_count":0,"_bbp_total_reply_count":0,"_bbp_voice_count":0,"_bbp_anonymous_reply_count":0,"_bbp_topic_count_hidden":0,"_bbp_reply_count_hidden":0,"_bbp_forum_subforum_count":0,"footnotes":""},"coauthors":[802],"class_list":["post-10","page","type-page","status-publish","hentry"],"_links":{"self":[{"href":"https:\/\/www.galtung-institut.de\/de\/wp-json\/wp\/v2\/pages\/10","targetHints":{"allow":["GET"]}}],"collection":[{"href":"https:\/\/www.galtung-institut.de\/de\/wp-json\/wp\/v2\/pages"}],"about":[{"href":"https:\/\/www.galtung-institut.de\/de\/wp-json\/wp\/v2\/types\/page"}],"author":[{"embeddable":true,"href":"https:\/\/www.galtung-institut.de\/de\/wp-json\/wp\/v2\/users\/1"}],"replies":[{"embeddable":true,"href":"https:\/\/www.galtung-institut.de\/de\/wp-json\/wp\/v2\/comments?post=10"}],"version-history":[{"count":41,"href":"https:\/\/www.galtung-institut.de\/de\/wp-json\/wp\/v2\/pages\/10\/revisions"}],"predecessor-version":[{"id":8275,"href":"https:\/\/www.galtung-institut.de\/de\/wp-json\/wp\/v2\/pages\/10\/revisions\/8275"}],"wp:attachment":[{"href":"https:\/\/www.galtung-institut.de\/de\/wp-json\/wp\/v2\/media?parent=10"}],"wp:term":[{"taxonomy":"author","embeddable":true,"href":"https:\/\/www.galtung-institut.de\/de\/wp-json\/wp\/v2\/coauthors?post=10"}],"curies":[{"name":"wp","href":"https:\/\/api.w.org\/{rel}","templated":true}]}}